{"id":5746,"date":"2017-03-22T10:19:02","date_gmt":"2017-03-22T10:19:02","guid":{"rendered":"https:\/\/segoviaorthodonticslakewoodranch.com\/declaracion-de-accesibilidad\/"},"modified":"2025-01-22T15:09:50","modified_gmt":"2025-01-22T15:09:50","slug":"declaracion-de-accesibilidad","status":"publish","type":"page","link":"https:\/\/www.segoviaorthodonticslakewoodranch.com\/es\/declaracion-de-accesibilidad\/","title":{"rendered":"Declaraci\u00f3n de accesibilidad"},"content":{"rendered":"\t\t<div data-elementor-type=\"wp-page\" data-elementor-id=\"5746\" class=\"elementor elementor-5746 elementor-2809\" data-elementor-post-type=\"page\">\n\t\t\t\t\t\t<section data-particle_enable=\"false\" data-particle-mobile-disabled=\"false\" class=\"elementor-section elementor-top-section elementor-element elementor-element-5f3c5e88 elementor-section-boxed elementor-section-height-default elementor-section-height-default\" data-id=\"5f3c5e88\" data-element_type=\"section\">\n\t\t\t\t\t\t<div class=\"elementor-container elementor-column-gap-default\">\n\t\t\t\t\t<div class=\"elementor-column elementor-col-100 elementor-top-column elementor-element elementor-element-5878f26a\" data-id=\"5878f26a\" data-element_type=\"column\">\n\t\t\t<div class=\"elementor-widget-wrap elementor-element-populated\">\n\t\t\t\t\t\t<div class=\"elementor-element elementor-element-691ad1c elementor-widget elementor-widget-text-editor\" data-id=\"691ad1c\" data-element_type=\"widget\" data-widget_type=\"text-editor.default\">\n\t\t\t\t<div class=\"elementor-widget-container\">\n\t\t\t\t\t\t\t\t\t<p>Trabajamos continuamente para mejorar la accesibilidad de los contenidos de nuestro sitio web. A continuaci\u00f3n encontrar\u00e1s algunas recomendaciones para que tu experiencia de navegaci\u00f3n sea m\u00e1s accesible: <\/p>\n<p><strong>Si tienes problemas para ver las p\u00e1ginas web<\/strong>, la Administraci\u00f3n de la Seguridad Social de EE.UU. te ofrece estos consejos para optimizar tu ordenador y tu navegador con el fin de mejorar tu experiencia en l\u00ednea.<\/p>\n<ul>\n<li>Utiliza tu ordenador para leer p\u00e1ginas web en voz alta<\/li>\n<li>Utiliza el teclado para navegar por las pantallas<\/li>\n<li>Aumentar el tama\u00f1o del texto<\/li>\n<li>Ampl\u00eda tu pantalla<\/li>\n<li>Cambia los colores del fondo y del texto<\/li>\n<li>Hacer m\u00e1s visible el puntero del rat\u00f3n (s\u00f3lo Windows)<\/li>\n<\/ul>\n<p>Si buscas <strong>alternativas al rat\u00f3n y al teclado<\/strong>, un software de reconocimiento de voz como Dragon Naturally Speaking puede ayudarte a navegar por p\u00e1ginas web y servicios en l\u00ednea. Este software permite al usuario desplazarse por una p\u00e1gina web o por la pantalla de una aplicaci\u00f3n mediante controles de voz. <\/p>\n<p>Si eres sordo o tienes dificultades auditivas, tienes a tu disposici\u00f3n varias funciones de accesibilidad.<\/p>\n<h2>Subt\u00edtulos<\/h2>\n<p>Los subt\u00edtulos proporcionan una transcripci\u00f3n de la pista de audio de una presentaci\u00f3n de v\u00eddeo que est\u00e1 sincronizada con las pistas de v\u00eddeo y audio. Los subt\u00edtulos suelen aparecer visualmente sobre el v\u00eddeo, lo que beneficia a las personas sordas o con dificultades auditivas, y a cualquiera que no pueda o\u00edr el audio debido a entornos ruidosos. La mayor\u00eda de nuestros contenidos de v\u00eddeo incluyen subt\u00edtulos. Aprende a activar y desactivar los subt\u00edtulos en YouTube<a href=\"https:\/\/support.google.com\/youtube\/answer\/100078?hl=en\">.<\/a>   <\/p>\n<h2>Controles de volumen<\/h2>\n<p>Tu ordenador, tableta o dispositivo m\u00f3vil tiene funciones de control de volumen. Cada servicio de v\u00eddeo y audio tiene sus propios controles de volumen adicionales. Intenta ajustar tanto los controles de volumen de tu dispositivo como los de tus reproductores multimedia para optimizar tu experiencia auditiva.  <\/p>\n<p>Si las recomendaciones anteriores no satisfacen tus necesidades, te invitamos a ponerte en contacto con nosotros para que te ayudemos a trav\u00e9s de la informaci\u00f3n que figura a continuaci\u00f3n.<\/p>\n\t\t\t\t\t\t\t\t<\/div>\n\t\t\t\t<\/div>\n\t\t\t\t\t<\/div>\n\t\t<\/div>\n\t\t\t\t\t<\/div>\n\t\t<\/section>\n\t\t<div data-particle_enable=\"false\" data-particle-mobile-disabled=\"false\" class=\"elementor-element elementor-element-625f4bc e-flex e-con-boxed e-con e-parent\" data-id=\"625f4bc\" data-element_type=\"container\">\n\t\t\t\t\t<div class=\"e-con-inner\">\n\t\t\t\t<div class=\"elementor-element elementor-element-c5239cc elementor-widget-divider--view-line elementor-widget elementor-widget-divider\" data-id=\"c5239cc\" data-element_type=\"widget\" data-widget_type=\"divider.default\">\n\t\t\t\t<div class=\"elementor-widget-container\">\n\t\t\t\t\t\t\t<div class=\"elementor-divider\">\n\t\t\t<span class=\"elementor-divider-separator\">\n\t\t\t\t\t\t<\/span>\n\t\t<\/div>\n\t\t\t\t\t\t<\/div>\n\t\t\t\t<\/div>\n\t\t\t\t<div class=\"elementor-element elementor-element-7b5b3fb elementor-widget elementor-widget-text-editor\" data-id=\"7b5b3fb\" data-element_type=\"widget\" data-widget_type=\"text-editor.default\">\n\t\t\t\t<div class=\"elementor-widget-container\">\n\t\t\t\t\t\t\t\t\t<h3>Ortodoncia Segovia<\/h3>\n<ul>\n<li>Direcci\u00f3n: 5803 Braden Run, Lakewood Ranch, Fl 34202<\/li>\n<li>Tel\u00e9fono: (941) 557-1333<\/li>\n<\/ul>\n\t\t\t\t\t\t\t\t<\/div>\n\t\t\t\t<\/div>\n\t\t\t\t\t<\/div>\n\t\t\t\t<\/div>\n\t\t\t\t<\/div>\n\t\t","protected":false},"excerpt":{"rendered":"<p>Trabajamos continuamente para mejorar la accesibilidad de los contenidos de nuestro sitio web. A continuaci\u00f3n encontrar\u00e1s algunas recomendaciones para que tu experiencia de navegaci\u00f3n sea m\u00e1s accesible: Si tienes problemas para ver las p\u00e1ginas web, la Administraci\u00f3n de la Seguridad Social de EE.UU. te ofrece estos consejos para optimizar tu ordenador y tu navegador con el fin de [&hellip;]<\/p>\n","protected":false},"author":4,"featured_media":6168,"parent":0,"menu_order":88,"comment_status":"closed","ping_status":"closed","template":"","meta":{"_acf_changed":false,"iawp_total_views":0,"footnotes":"","_yoast_wpseo_focuskw":"","_yoast_wpseo_metadesc":"En cumplimiento de la Ley de Estadounidenses con Discapacidades (AwDA), [Practice Name] proporciona una declaraci\u00f3n de accesibilidad a los visitantes del sitio web.","_yoast_wpseo_linkdex":"","_yoast_wpseo_content_score":"","rank_math_focus_keyword":"","rank_math_description":"","rank_math_seo_score":""},"class_list":["post-5746","page","type-page","status-publish","has-post-thumbnail","hentry"],"acf":[],"yoast_head":"<!-- This site is optimized with the Yoast SEO plugin v27.0 - https:\/\/yoast.com\/product\/yoast-seo-wordpress\/ -->\n<title>Declaraci\u00f3n de Accesibilidad en [Practice Name] en [City State]<\/title>\n<meta name=\"description\" content=\"En cumplimiento de la Ley de Estadounidenses con Discapacidades (AwDA), [Practice Name] proporciona una declaraci\u00f3n de accesibilidad a los visitantes del sitio web.\" \/>\n<meta name=\"robots\" content=\"index, follow, max-snippet:-1, max-image-preview:large, max-video-preview:-1\" \/>\n<link rel=\"canonical\" href=\"https:\/\/www.segoviaorthodonticslakewoodranch.com\/es\/declaracion-de-accesibilidad\/\" \/>\n<meta property=\"og:locale\" content=\"es_ES\" \/>\n<meta property=\"og:type\" content=\"article\" \/>\n<meta property=\"og:title\" content=\"Declaraci\u00f3n de Accesibilidad en [Practice Name] en [City State]\" \/>\n<meta property=\"og:description\" content=\"En cumplimiento de la Ley de Estadounidenses con Discapacidades (AwDA), [Practice Name] proporciona una declaraci\u00f3n de accesibilidad a los visitantes del sitio web.\" \/>\n<meta property=\"og:url\" content=\"https:\/\/www.segoviaorthodonticslakewoodranch.com\/es\/declaracion-de-accesibilidad\/\" \/>\n<meta property=\"og:site_name\" content=\"Segovia Orthodontics\" \/>\n<meta property=\"article:publisher\" content=\"https:\/\/www.facebook.com\/people\/Segovia-Orthodontics-At-Lakewood-Ranch\/61572006943430\/\" \/>\n<meta property=\"article:modified_time\" content=\"2025-01-22T15:09:50+00:00\" \/>\n<meta property=\"og:image\" content=\"https:\/\/www.segoviaorthodonticslakewoodranch.com\/wp-content\/uploads\/2025\/01\/page-photo-statement-of-accessibility.png\" \/>\n\t<meta property=\"og:image:width\" content=\"500\" \/>\n\t<meta property=\"og:image:height\" content=\"500\" \/>\n\t<meta property=\"og:image:type\" content=\"image\/png\" \/>\n<meta name=\"twitter:card\" content=\"summary_large_image\" \/>\n<meta name=\"twitter:label1\" content=\"Tiempo de lectura\" \/>\n\t<meta name=\"twitter:data1\" content=\"2 minutos\" \/>\n<script type=\"application\/ld+json\" class=\"yoast-schema-graph\">{\"@context\":\"https:\/\/schema.org\",\"@graph\":[{\"@type\":\"WebPage\",\"@id\":\"https:\/\/www.segoviaorthodonticslakewoodranch.com\/es\/declaracion-de-accesibilidad\/\",\"url\":\"https:\/\/www.segoviaorthodonticslakewoodranch.com\/es\/declaracion-de-accesibilidad\/\",\"name\":\"Declaraci\u00f3n de Accesibilidad en [Practice Name] en [City State]\",\"isPartOf\":{\"@id\":\"https:\/\/www.segoviaorthodonticslakewoodranch.com\/#website\"},\"primaryImageOfPage\":{\"@id\":\"https:\/\/www.segoviaorthodonticslakewoodranch.com\/es\/declaracion-de-accesibilidad\/#primaryimage\"},\"image\":{\"@id\":\"https:\/\/www.segoviaorthodonticslakewoodranch.com\/es\/declaracion-de-accesibilidad\/#primaryimage\"},\"thumbnailUrl\":\"https:\/\/www.segoviaorthodonticslakewoodranch.com\/wp-content\/uploads\/2025\/01\/page-photo-statement-of-accessibility.png\",\"datePublished\":\"2017-03-22T10:19:02+00:00\",\"dateModified\":\"2025-01-22T15:09:50+00:00\",\"description\":\"En cumplimiento de la Ley de Estadounidenses con Discapacidades (AwDA), [Practice Name] proporciona una declaraci\u00f3n de accesibilidad a los visitantes del sitio web.\",\"breadcrumb\":{\"@id\":\"https:\/\/www.segoviaorthodonticslakewoodranch.com\/es\/declaracion-de-accesibilidad\/#breadcrumb\"},\"inLanguage\":\"es\",\"potentialAction\":[{\"@type\":\"ReadAction\",\"target\":[\"https:\/\/www.segoviaorthodonticslakewoodranch.com\/es\/declaracion-de-accesibilidad\/\"]}]},{\"@type\":\"ImageObject\",\"inLanguage\":\"es\",\"@id\":\"https:\/\/www.segoviaorthodonticslakewoodranch.com\/es\/declaracion-de-accesibilidad\/#primaryimage\",\"url\":\"https:\/\/www.segoviaorthodonticslakewoodranch.com\/wp-content\/uploads\/2025\/01\/page-photo-statement-of-accessibility.png\",\"contentUrl\":\"https:\/\/www.segoviaorthodonticslakewoodranch.com\/wp-content\/uploads\/2025\/01\/page-photo-statement-of-accessibility.png\",\"width\":500,\"height\":500,\"caption\":\"Segovia Orthodontics at Lakewood Ranch, FL\"},{\"@type\":\"BreadcrumbList\",\"@id\":\"https:\/\/www.segoviaorthodonticslakewoodranch.com\/es\/declaracion-de-accesibilidad\/#breadcrumb\",\"itemListElement\":[{\"@type\":\"ListItem\",\"position\":1,\"name\":\"Home\",\"item\":\"https:\/\/www.segoviaorthodonticslakewoodranch.com\/es\/\"},{\"@type\":\"ListItem\",\"position\":2,\"name\":\"Declaraci\u00f3n de accesibilidad\"}]},{\"@type\":\"WebSite\",\"@id\":\"https:\/\/www.segoviaorthodonticslakewoodranch.com\/#website\",\"url\":\"https:\/\/www.segoviaorthodonticslakewoodranch.com\/\",\"name\":\"Segovia Orthodontics at Lakewood Ranch\",\"description\":\"Top Orthodontist Lakewood Ranch FL 34202 | Segovia Orthodontics at Lakewood Ranch\",\"publisher\":{\"@id\":\"https:\/\/www.segoviaorthodonticslakewoodranch.com\/#organization\"},\"potentialAction\":[{\"@type\":\"SearchAction\",\"target\":{\"@type\":\"EntryPoint\",\"urlTemplate\":\"https:\/\/www.segoviaorthodonticslakewoodranch.com\/?s={search_term_string}\"},\"query-input\":{\"@type\":\"PropertyValueSpecification\",\"valueRequired\":true,\"valueName\":\"search_term_string\"}}],\"inLanguage\":\"es\"},{\"@type\":\"Organization\",\"@id\":\"https:\/\/www.segoviaorthodonticslakewoodranch.com\/#organization\",\"name\":\"Segovia Orthodontics at Lakewood Ranch\",\"url\":\"https:\/\/www.segoviaorthodonticslakewoodranch.com\/\",\"logo\":{\"@type\":\"ImageObject\",\"inLanguage\":\"es\",\"@id\":\"https:\/\/www.segoviaorthodonticslakewoodranch.com\/#\/schema\/logo\/image\/\",\"url\":\"https:\/\/www.segoviaorthodonticslakewoodranch.com\/wp-content\/uploads\/2022\/03\/SegoviaOrtho_horizon_version.png\",\"contentUrl\":\"https:\/\/www.segoviaorthodonticslakewoodranch.com\/wp-content\/uploads\/2022\/03\/SegoviaOrtho_horizon_version.png\",\"width\":1920,\"height\":511,\"caption\":\"Segovia Orthodontics at Lakewood Ranch\"},\"image\":{\"@id\":\"https:\/\/www.segoviaorthodonticslakewoodranch.com\/#\/schema\/logo\/image\/\"},\"sameAs\":[\"https:\/\/www.facebook.com\/people\/Segovia-Orthodontics-At-Lakewood-Ranch\/61572006943430\/\",\"https:\/\/www.instagram.com\/segovia.orthodontics.lwr\/\"]}]}<\/script>\n<!-- \/ Yoast SEO plugin. -->","yoast_head_json":{"title":"Declaraci\u00f3n de Accesibilidad en [Practice Name] en [City State]","description":"En cumplimiento de la Ley de Estadounidenses con Discapacidades (AwDA), [Practice Name] proporciona una declaraci\u00f3n de accesibilidad a los visitantes del sitio web.","robots":{"index":"index","follow":"follow","max-snippet":"max-snippet:-1","max-image-preview":"max-image-preview:large","max-video-preview":"max-video-preview:-1"},"canonical":"https:\/\/www.segoviaorthodonticslakewoodranch.com\/es\/declaracion-de-accesibilidad\/","og_locale":"es_ES","og_type":"article","og_title":"Declaraci\u00f3n de Accesibilidad en [Practice Name] en [City State]","og_description":"En cumplimiento de la Ley de Estadounidenses con Discapacidades (AwDA), [Practice Name] proporciona una declaraci\u00f3n de accesibilidad a los visitantes del sitio web.","og_url":"https:\/\/www.segoviaorthodonticslakewoodranch.com\/es\/declaracion-de-accesibilidad\/","og_site_name":"Segovia Orthodontics","article_publisher":"https:\/\/www.facebook.com\/people\/Segovia-Orthodontics-At-Lakewood-Ranch\/61572006943430\/","article_modified_time":"2025-01-22T15:09:50+00:00","og_image":[{"width":500,"height":500,"url":"https:\/\/www.segoviaorthodonticslakewoodranch.com\/wp-content\/uploads\/2025\/01\/page-photo-statement-of-accessibility.png","type":"image\/png"}],"twitter_card":"summary_large_image","twitter_misc":{"Tiempo de lectura":"2 minutos"},"schema":{"@context":"https:\/\/schema.org","@graph":[{"@type":"WebPage","@id":"https:\/\/www.segoviaorthodonticslakewoodranch.com\/es\/declaracion-de-accesibilidad\/","url":"https:\/\/www.segoviaorthodonticslakewoodranch.com\/es\/declaracion-de-accesibilidad\/","name":"Declaraci\u00f3n de Accesibilidad en [Practice Name] en [City State]","isPartOf":{"@id":"https:\/\/www.segoviaorthodonticslakewoodranch.com\/#website"},"primaryImageOfPage":{"@id":"https:\/\/www.segoviaorthodonticslakewoodranch.com\/es\/declaracion-de-accesibilidad\/#primaryimage"},"image":{"@id":"https:\/\/www.segoviaorthodonticslakewoodranch.com\/es\/declaracion-de-accesibilidad\/#primaryimage"},"thumbnailUrl":"https:\/\/www.segoviaorthodonticslakewoodranch.com\/wp-content\/uploads\/2025\/01\/page-photo-statement-of-accessibility.png","datePublished":"2017-03-22T10:19:02+00:00","dateModified":"2025-01-22T15:09:50+00:00","description":"En cumplimiento de la Ley de Estadounidenses con Discapacidades (AwDA), [Practice Name] proporciona una declaraci\u00f3n de accesibilidad a los visitantes del sitio web.","breadcrumb":{"@id":"https:\/\/www.segoviaorthodonticslakewoodranch.com\/es\/declaracion-de-accesibilidad\/#breadcrumb"},"inLanguage":"es","potentialAction":[{"@type":"ReadAction","target":["https:\/\/www.segoviaorthodonticslakewoodranch.com\/es\/declaracion-de-accesibilidad\/"]}]},{"@type":"ImageObject","inLanguage":"es","@id":"https:\/\/www.segoviaorthodonticslakewoodranch.com\/es\/declaracion-de-accesibilidad\/#primaryimage","url":"https:\/\/www.segoviaorthodonticslakewoodranch.com\/wp-content\/uploads\/2025\/01\/page-photo-statement-of-accessibility.png","contentUrl":"https:\/\/www.segoviaorthodonticslakewoodranch.com\/wp-content\/uploads\/2025\/01\/page-photo-statement-of-accessibility.png","width":500,"height":500,"caption":"Segovia Orthodontics at Lakewood Ranch, FL"},{"@type":"BreadcrumbList","@id":"https:\/\/www.segoviaorthodonticslakewoodranch.com\/es\/declaracion-de-accesibilidad\/#breadcrumb","itemListElement":[{"@type":"ListItem","position":1,"name":"Home","item":"https:\/\/www.segoviaorthodonticslakewoodranch.com\/es\/"},{"@type":"ListItem","position":2,"name":"Declaraci\u00f3n de accesibilidad"}]},{"@type":"WebSite","@id":"https:\/\/www.segoviaorthodonticslakewoodranch.com\/#website","url":"https:\/\/www.segoviaorthodonticslakewoodranch.com\/","name":"Segovia Orthodontics at Lakewood Ranch","description":"Top Orthodontist Lakewood Ranch FL 34202 | Segovia Orthodontics at Lakewood Ranch","publisher":{"@id":"https:\/\/www.segoviaorthodonticslakewoodranch.com\/#organization"},"potentialAction":[{"@type":"SearchAction","target":{"@type":"EntryPoint","urlTemplate":"https:\/\/www.segoviaorthodonticslakewoodranch.com\/?s={search_term_string}"},"query-input":{"@type":"PropertyValueSpecification","valueRequired":true,"valueName":"search_term_string"}}],"inLanguage":"es"},{"@type":"Organization","@id":"https:\/\/www.segoviaorthodonticslakewoodranch.com\/#organization","name":"Segovia Orthodontics at Lakewood Ranch","url":"https:\/\/www.segoviaorthodonticslakewoodranch.com\/","logo":{"@type":"ImageObject","inLanguage":"es","@id":"https:\/\/www.segoviaorthodonticslakewoodranch.com\/#\/schema\/logo\/image\/","url":"https:\/\/www.segoviaorthodonticslakewoodranch.com\/wp-content\/uploads\/2022\/03\/SegoviaOrtho_horizon_version.png","contentUrl":"https:\/\/www.segoviaorthodonticslakewoodranch.com\/wp-content\/uploads\/2022\/03\/SegoviaOrtho_horizon_version.png","width":1920,"height":511,"caption":"Segovia Orthodontics at Lakewood Ranch"},"image":{"@id":"https:\/\/www.segoviaorthodonticslakewoodranch.com\/#\/schema\/logo\/image\/"},"sameAs":["https:\/\/www.facebook.com\/people\/Segovia-Orthodontics-At-Lakewood-Ranch\/61572006943430\/","https:\/\/www.instagram.com\/segovia.orthodontics.lwr\/"]}]}},"_links":{"self":[{"href":"https:\/\/www.segoviaorthodonticslakewoodranch.com\/es\/wp-json\/wp\/v2\/pages\/5746","targetHints":{"allow":["GET"]}}],"collection":[{"href":"https:\/\/www.segoviaorthodonticslakewoodranch.com\/es\/wp-json\/wp\/v2\/pages"}],"about":[{"href":"https:\/\/www.segoviaorthodonticslakewoodranch.com\/es\/wp-json\/wp\/v2\/types\/page"}],"author":[{"embeddable":true,"href":"https:\/\/www.segoviaorthodonticslakewoodranch.com\/es\/wp-json\/wp\/v2\/users\/4"}],"replies":[{"embeddable":true,"href":"https:\/\/www.segoviaorthodonticslakewoodranch.com\/es\/wp-json\/wp\/v2\/comments?post=5746"}],"version-history":[{"count":2,"href":"https:\/\/www.segoviaorthodonticslakewoodranch.com\/es\/wp-json\/wp\/v2\/pages\/5746\/revisions"}],"predecessor-version":[{"id":6247,"href":"https:\/\/www.segoviaorthodonticslakewoodranch.com\/es\/wp-json\/wp\/v2\/pages\/5746\/revisions\/6247"}],"wp:featuredmedia":[{"embeddable":true,"href":"https:\/\/www.segoviaorthodonticslakewoodranch.com\/es\/wp-json\/wp\/v2\/media\/6168"}],"wp:attachment":[{"href":"https:\/\/www.segoviaorthodonticslakewoodranch.com\/es\/wp-json\/wp\/v2\/media?parent=5746"}],"curies":[{"name":"wp","href":"https:\/\/api.w.org\/{rel}","templated":true}]}}