{"id":5909,"date":"2025-01-03T16:00:51","date_gmt":"2025-01-03T16:00:51","guid":{"rendered":"https:\/\/segoviaorthodonticslakewoodranch.com\/alineadores-transparentes\/"},"modified":"2025-01-27T05:11:54","modified_gmt":"2025-01-27T05:11:54","slug":"alineadores-transparentes","status":"publish","type":"page","link":"https:\/\/www.segoviaorthodonticslakewoodranch.com\/es\/alineadores-transparentes\/","title":{"rendered":"Alineadores transparentes"},"content":{"rendered":"\t\t<div data-elementor-type=\"wp-page\" data-elementor-id=\"5909\" class=\"elementor elementor-5909 elementor-5017\" data-elementor-post-type=\"page\">\n\t\t\t\t<div data-particle_enable=\"false\" data-particle-mobile-disabled=\"false\" class=\"elementor-element elementor-element-8cbfff4 e-flex e-con-boxed e-con e-parent\" data-id=\"8cbfff4\" data-element_type=\"container\">\n\t\t\t\t\t<div class=\"e-con-inner\">\n\t\t\t\t<div class=\"elementor-element elementor-element-aef8982 elementor-widget elementor-widget-text-editor\" data-id=\"aef8982\" data-element_type=\"widget\" data-widget_type=\"text-editor.default\">\n\t\t\t\t<div class=\"elementor-widget-container\">\n\t\t\t\t\t\t\t\t\t<p>Estamos encantados de ofrecer alineadores transparentes como una alternativa discreta y eficaz a <a href=\"https:\/\/segoviaorthodonticslakewoodranch.com\/es\/tipos-de-ortodoncia\/\">los aparatos<\/a> tradicionales en Segovia Orthodontics at Lakewood Ranch. Tanto si quieres solucionar api\u00f1amientos menores, dientes torcidos o problemas m\u00e1s complejos como sobremordidas y mordidas cruzadas, los alineadores transparentes pueden ser una soluci\u00f3n c\u00f3moda para satisfacer tus necesidades de ortodoncia.<\/p><p>Los alineadores transparentes, fabricados en pl\u00e1stico liso y transparente, est\u00e1n dise\u00f1ados a medida para adaptarse c\u00f3modamente a tus dientes y enc\u00edas. Su aspecto casi invisible te permite enderezar tu sonrisa sin llamar la atenci\u00f3n, y no irritan las enc\u00edas ni las mejillas, como suele ocurrir con los aparatos tradicionales.<\/p><h2>La comodidad de los alineadores transparentes en Lakewood Ranch, FL<\/h2><p>Los alineadores transparentes ofrecen una amplia gama de ventajas que hacen que el tratamiento de ortodoncia sea f\u00e1cil y c\u00f3modo para las personas ocupadas:<\/p><ul><li><strong>De quita y poner<\/strong>: Disfruta de tus comidas favoritas sin restricciones quit\u00e1ndote los alineadores antes de las comidas.<\/li><li><strong>Higiene bucal mas f\u00e1cil<\/strong>: Cep\u00edllate y usa el hilo dental con normalidad sin tener que lidiar con brackets y alambres, manteniendo sanos tus dientes y enc\u00edas.<\/li><li><strong>Eficaces<\/strong>: Los alineadores transparentes se adaptan perfectamente a tu estilo de vida, proporcion\u00e1ndote una forma eficaz de conseguir la sonrisa que siempre has deseado.<\/li><\/ul><h2>Comodidad y discreci\u00f3n en todo momento<\/h2><p>Tanto para adolescentes como para adultos, los alineadores transparentes ofrecen la ventaja de ser discretos sin dejar de conseguir resultados impresionantes. En Segovia Orthodontics at Lakewood Ranch, sabemos lo importante que es sentirte seguro durante todo el tratamiento. Con unos alineadores pr\u00e1cticamente invisibles, podr\u00e1s seguir con tu vida diaria, ya sea en el trabajo, en la escuela o en eventos sociales, sin llamar la atenci\u00f3n sobre tu tratamiento de ortodoncia.<\/p><h2>C\u00f3mo funciona el proceso de Alineadores trasparentes<\/h2><p><a href=\"https:\/\/segoviaorthodonticslakewoodranch.com\/es\/conoce-al-dr-segovia\/\">La Dra. Flor<\/a> Segovia te guiar\u00e1 en cada paso de tu tratamiento con alineadores transparentes:<\/p><ol><li><strong>Impresiones digitales personalizadas<\/strong>: Utilizamos tecnolog\u00eda digital avanzada para tomar impresiones precisas de tus dientes, eliminando las molestias de las impresiones tradicionales con masilla.<\/li><li><strong>Plan de tratamiento personalizado<\/strong>: La Dra. Segovia crea un plan de tratamiento personalizado, trazando los pasos para mover tus dientes a sus posiciones ideales.<\/li><li><strong>Seguimiento continuo<\/strong>: Las visitas peri\u00f3dicas garantizan que tu tratamiento progresa sin problemas, y se te proporcionar\u00e1n nuevos alineadores a medida que cambien tus dientes.<\/li><li><strong>Transformaci\u00f3n gradual<\/strong>: Tus alineadores mover\u00e1n gradualmente tus dientes hasta alinearlos, siguiendo el programa proporcionado por la Dra. Segovia.<\/li><li><strong>Retenedores para resultados a largo plazo<\/strong>: Despu\u00e9s del tratamiento, llevar un <a href=\"https:\/\/segoviaorthodonticslakewoodranch.com\/es\/retenedores-de-ortodoncia\/\">retenedor<\/a> te ayudar\u00e1 a conservar tu nueva y bonita sonrisa.<\/li><\/ol><h2>Pide tu cita hoy<\/h2><p>Los alineadores transparentes ofrecen una combinaci\u00f3n de comodidad, conveniencia y confianza que los convierten en la elecci\u00f3n perfecta para muchos pacientes. La experiencia y el enfoque personalizado de la Dra. Segovia garantizan que recibas una atenci\u00f3n de la m\u00e1xima calidad. Puedes estar seguro de que tu plan de tratamiento est\u00e1 dise\u00f1ado espec\u00edficamente para tus necesidades, gui\u00e1ndote hacia tu mejor sonrisa.<\/p><p><a href=\"https:\/\/segoviaorthodonticslakewoodranch.com\/es\/oficina-de-lakewood-ranch\/\">Ponte en contacto con nosotros<\/a> para concertar una <a href=\"https:\/\/segoviaorthodonticslakewoodranch.com\/es\/pide-una-cita\/\">cita<\/a> y comenzar hoy mismo tu viaje con los alineadores transparentes, \u00a1y experimenta la transformaci\u00f3n de primera mano!<\/p>\t\t\t\t\t\t\t\t<\/div>\n\t\t\t\t<\/div>\n\t\t\t\t\t<\/div>\n\t\t\t\t<\/div>\n\t\t\t\t<\/div>\n\t\t","protected":false},"excerpt":{"rendered":"<p>Estamos encantados de ofrecer alineadores transparentes como una alternativa discreta y eficaz a los aparatos tradicionales en Segovia Orthodontics at Lakewood Ranch. Tanto si quieres solucionar api\u00f1amientos menores, dientes torcidos o problemas m\u00e1s complejos como sobremordidas y mordidas cruzadas, los alineadores transparentes pueden ser una soluci\u00f3n c\u00f3moda para satisfacer tus necesidades de ortodoncia. Los alineadores transparentes, fabricados en [&hellip;]<\/p>\n","protected":false},"author":4,"featured_media":6132,"parent":0,"menu_order":64,"comment_status":"closed","ping_status":"closed","template":"","meta":{"_acf_changed":false,"iawp_total_views":0,"footnotes":"","_yoast_wpseo_focuskw":"","_yoast_wpseo_metadesc":"","_yoast_wpseo_linkdex":"","_yoast_wpseo_content_score":"","rank_math_focus_keyword":"","rank_math_description":"","rank_math_seo_score":""},"class_list":["post-5909","page","type-page","status-publish","has-post-thumbnail","hentry"],"acf":[],"yoast_head":"<!-- This site is optimized with the Yoast SEO plugin v27.0 - https:\/\/yoast.com\/product\/yoast-seo-wordpress\/ -->\n<title>Alineadores transparentes - Segovia Orthodontics<\/title>\n<meta name=\"robots\" content=\"index, follow, max-snippet:-1, max-image-preview:large, max-video-preview:-1\" \/>\n<link rel=\"canonical\" href=\"https:\/\/www.segoviaorthodonticslakewoodranch.com\/es\/alineadores-transparentes\/\" \/>\n<meta property=\"og:locale\" content=\"es_ES\" \/>\n<meta property=\"og:type\" content=\"article\" \/>\n<meta property=\"og:title\" content=\"Alineadores transparentes - Segovia Orthodontics\" \/>\n<meta property=\"og:description\" content=\"Estamos encantados de ofrecer alineadores transparentes como una alternativa discreta y eficaz a los aparatos tradicionales en Segovia Orthodontics at Lakewood Ranch. Tanto si quieres solucionar api\u00f1amientos menores, dientes torcidos o problemas m\u00e1s complejos como sobremordidas y mordidas cruzadas, los alineadores transparentes pueden ser una soluci\u00f3n c\u00f3moda para satisfacer tus necesidades de ortodoncia. Los alineadores transparentes, fabricados en [&hellip;]\" \/>\n<meta property=\"og:url\" content=\"https:\/\/www.segoviaorthodonticslakewoodranch.com\/es\/alineadores-transparentes\/\" \/>\n<meta property=\"og:site_name\" content=\"Segovia Orthodontics\" \/>\n<meta property=\"article:publisher\" content=\"https:\/\/www.facebook.com\/people\/Segovia-Orthodontics-At-Lakewood-Ranch\/61572006943430\/\" \/>\n<meta property=\"article:modified_time\" content=\"2025-01-27T05:11:54+00:00\" \/>\n<meta property=\"og:image\" content=\"https:\/\/www.segoviaorthodonticslakewoodranch.com\/wp-content\/uploads\/2025\/01\/page-photo-clear-aligners.png\" \/>\n\t<meta property=\"og:image:width\" content=\"500\" \/>\n\t<meta property=\"og:image:height\" content=\"500\" \/>\n\t<meta property=\"og:image:type\" content=\"image\/png\" \/>\n<meta name=\"twitter:card\" content=\"summary_large_image\" \/>\n<meta name=\"twitter:label1\" content=\"Tiempo de lectura\" \/>\n\t<meta name=\"twitter:data1\" content=\"3 minutos\" \/>\n<script type=\"application\/ld+json\" class=\"yoast-schema-graph\">{\"@context\":\"https:\/\/schema.org\",\"@graph\":[{\"@type\":\"WebPage\",\"@id\":\"https:\/\/www.segoviaorthodonticslakewoodranch.com\/es\/alineadores-transparentes\/\",\"url\":\"https:\/\/www.segoviaorthodonticslakewoodranch.com\/es\/alineadores-transparentes\/\",\"name\":\"Alineadores transparentes - Segovia Orthodontics\",\"isPartOf\":{\"@id\":\"https:\/\/www.segoviaorthodonticslakewoodranch.com\/#website\"},\"primaryImageOfPage\":{\"@id\":\"https:\/\/www.segoviaorthodonticslakewoodranch.com\/es\/alineadores-transparentes\/#primaryimage\"},\"image\":{\"@id\":\"https:\/\/www.segoviaorthodonticslakewoodranch.com\/es\/alineadores-transparentes\/#primaryimage\"},\"thumbnailUrl\":\"https:\/\/www.segoviaorthodonticslakewoodranch.com\/wp-content\/uploads\/2025\/01\/page-photo-clear-aligners.png\",\"datePublished\":\"2025-01-03T16:00:51+00:00\",\"dateModified\":\"2025-01-27T05:11:54+00:00\",\"breadcrumb\":{\"@id\":\"https:\/\/www.segoviaorthodonticslakewoodranch.com\/es\/alineadores-transparentes\/#breadcrumb\"},\"inLanguage\":\"es\",\"potentialAction\":[{\"@type\":\"ReadAction\",\"target\":[\"https:\/\/www.segoviaorthodonticslakewoodranch.com\/es\/alineadores-transparentes\/\"]}]},{\"@type\":\"ImageObject\",\"inLanguage\":\"es\",\"@id\":\"https:\/\/www.segoviaorthodonticslakewoodranch.com\/es\/alineadores-transparentes\/#primaryimage\",\"url\":\"https:\/\/www.segoviaorthodonticslakewoodranch.com\/wp-content\/uploads\/2025\/01\/page-photo-clear-aligners.png\",\"contentUrl\":\"https:\/\/www.segoviaorthodonticslakewoodranch.com\/wp-content\/uploads\/2025\/01\/page-photo-clear-aligners.png\",\"width\":500,\"height\":500,\"caption\":\"Clear Aligners Segovia Orthodontics at Lakewood Ranch, FL\"},{\"@type\":\"BreadcrumbList\",\"@id\":\"https:\/\/www.segoviaorthodonticslakewoodranch.com\/es\/alineadores-transparentes\/#breadcrumb\",\"itemListElement\":[{\"@type\":\"ListItem\",\"position\":1,\"name\":\"Home\",\"item\":\"https:\/\/www.segoviaorthodonticslakewoodranch.com\/es\/\"},{\"@type\":\"ListItem\",\"position\":2,\"name\":\"Alineadores transparentes\"}]},{\"@type\":\"WebSite\",\"@id\":\"https:\/\/www.segoviaorthodonticslakewoodranch.com\/#website\",\"url\":\"https:\/\/www.segoviaorthodonticslakewoodranch.com\/\",\"name\":\"Segovia Orthodontics at Lakewood Ranch\",\"description\":\"Top Orthodontist Lakewood Ranch FL 34202 | Segovia Orthodontics at Lakewood Ranch\",\"publisher\":{\"@id\":\"https:\/\/www.segoviaorthodonticslakewoodranch.com\/#organization\"},\"potentialAction\":[{\"@type\":\"SearchAction\",\"target\":{\"@type\":\"EntryPoint\",\"urlTemplate\":\"https:\/\/www.segoviaorthodonticslakewoodranch.com\/?s={search_term_string}\"},\"query-input\":{\"@type\":\"PropertyValueSpecification\",\"valueRequired\":true,\"valueName\":\"search_term_string\"}}],\"inLanguage\":\"es\"},{\"@type\":\"Organization\",\"@id\":\"https:\/\/www.segoviaorthodonticslakewoodranch.com\/#organization\",\"name\":\"Segovia Orthodontics at Lakewood Ranch\",\"url\":\"https:\/\/www.segoviaorthodonticslakewoodranch.com\/\",\"logo\":{\"@type\":\"ImageObject\",\"inLanguage\":\"es\",\"@id\":\"https:\/\/www.segoviaorthodonticslakewoodranch.com\/#\/schema\/logo\/image\/\",\"url\":\"https:\/\/www.segoviaorthodonticslakewoodranch.com\/wp-content\/uploads\/2022\/03\/SegoviaOrtho_horizon_version.png\",\"contentUrl\":\"https:\/\/www.segoviaorthodonticslakewoodranch.com\/wp-content\/uploads\/2022\/03\/SegoviaOrtho_horizon_version.png\",\"width\":1920,\"height\":511,\"caption\":\"Segovia Orthodontics at Lakewood Ranch\"},\"image\":{\"@id\":\"https:\/\/www.segoviaorthodonticslakewoodranch.com\/#\/schema\/logo\/image\/\"},\"sameAs\":[\"https:\/\/www.facebook.com\/people\/Segovia-Orthodontics-At-Lakewood-Ranch\/61572006943430\/\",\"https:\/\/www.instagram.com\/segovia.orthodontics.lwr\/\"]}]}<\/script>\n<!-- \/ Yoast SEO plugin. -->","yoast_head_json":{"title":"Alineadores transparentes - Segovia Orthodontics","robots":{"index":"index","follow":"follow","max-snippet":"max-snippet:-1","max-image-preview":"max-image-preview:large","max-video-preview":"max-video-preview:-1"},"canonical":"https:\/\/www.segoviaorthodonticslakewoodranch.com\/es\/alineadores-transparentes\/","og_locale":"es_ES","og_type":"article","og_title":"Alineadores transparentes - Segovia Orthodontics","og_description":"Estamos encantados de ofrecer alineadores transparentes como una alternativa discreta y eficaz a los aparatos tradicionales en Segovia Orthodontics at Lakewood Ranch. Tanto si quieres solucionar api\u00f1amientos menores, dientes torcidos o problemas m\u00e1s complejos como sobremordidas y mordidas cruzadas, los alineadores transparentes pueden ser una soluci\u00f3n c\u00f3moda para satisfacer tus necesidades de ortodoncia. Los alineadores transparentes, fabricados en [&hellip;]","og_url":"https:\/\/www.segoviaorthodonticslakewoodranch.com\/es\/alineadores-transparentes\/","og_site_name":"Segovia Orthodontics","article_publisher":"https:\/\/www.facebook.com\/people\/Segovia-Orthodontics-At-Lakewood-Ranch\/61572006943430\/","article_modified_time":"2025-01-27T05:11:54+00:00","og_image":[{"width":500,"height":500,"url":"https:\/\/www.segoviaorthodonticslakewoodranch.com\/wp-content\/uploads\/2025\/01\/page-photo-clear-aligners.png","type":"image\/png"}],"twitter_card":"summary_large_image","twitter_misc":{"Tiempo de lectura":"3 minutos"},"schema":{"@context":"https:\/\/schema.org","@graph":[{"@type":"WebPage","@id":"https:\/\/www.segoviaorthodonticslakewoodranch.com\/es\/alineadores-transparentes\/","url":"https:\/\/www.segoviaorthodonticslakewoodranch.com\/es\/alineadores-transparentes\/","name":"Alineadores transparentes - Segovia Orthodontics","isPartOf":{"@id":"https:\/\/www.segoviaorthodonticslakewoodranch.com\/#website"},"primaryImageOfPage":{"@id":"https:\/\/www.segoviaorthodonticslakewoodranch.com\/es\/alineadores-transparentes\/#primaryimage"},"image":{"@id":"https:\/\/www.segoviaorthodonticslakewoodranch.com\/es\/alineadores-transparentes\/#primaryimage"},"thumbnailUrl":"https:\/\/www.segoviaorthodonticslakewoodranch.com\/wp-content\/uploads\/2025\/01\/page-photo-clear-aligners.png","datePublished":"2025-01-03T16:00:51+00:00","dateModified":"2025-01-27T05:11:54+00:00","breadcrumb":{"@id":"https:\/\/www.segoviaorthodonticslakewoodranch.com\/es\/alineadores-transparentes\/#breadcrumb"},"inLanguage":"es","potentialAction":[{"@type":"ReadAction","target":["https:\/\/www.segoviaorthodonticslakewoodranch.com\/es\/alineadores-transparentes\/"]}]},{"@type":"ImageObject","inLanguage":"es","@id":"https:\/\/www.segoviaorthodonticslakewoodranch.com\/es\/alineadores-transparentes\/#primaryimage","url":"https:\/\/www.segoviaorthodonticslakewoodranch.com\/wp-content\/uploads\/2025\/01\/page-photo-clear-aligners.png","contentUrl":"https:\/\/www.segoviaorthodonticslakewoodranch.com\/wp-content\/uploads\/2025\/01\/page-photo-clear-aligners.png","width":500,"height":500,"caption":"Clear Aligners Segovia Orthodontics at Lakewood Ranch, FL"},{"@type":"BreadcrumbList","@id":"https:\/\/www.segoviaorthodonticslakewoodranch.com\/es\/alineadores-transparentes\/#breadcrumb","itemListElement":[{"@type":"ListItem","position":1,"name":"Home","item":"https:\/\/www.segoviaorthodonticslakewoodranch.com\/es\/"},{"@type":"ListItem","position":2,"name":"Alineadores transparentes"}]},{"@type":"WebSite","@id":"https:\/\/www.segoviaorthodonticslakewoodranch.com\/#website","url":"https:\/\/www.segoviaorthodonticslakewoodranch.com\/","name":"Segovia Orthodontics at Lakewood Ranch","description":"Top Orthodontist Lakewood Ranch FL 34202 | Segovia Orthodontics at Lakewood Ranch","publisher":{"@id":"https:\/\/www.segoviaorthodonticslakewoodranch.com\/#organization"},"potentialAction":[{"@type":"SearchAction","target":{"@type":"EntryPoint","urlTemplate":"https:\/\/www.segoviaorthodonticslakewoodranch.com\/?s={search_term_string}"},"query-input":{"@type":"PropertyValueSpecification","valueRequired":true,"valueName":"search_term_string"}}],"inLanguage":"es"},{"@type":"Organization","@id":"https:\/\/www.segoviaorthodonticslakewoodranch.com\/#organization","name":"Segovia Orthodontics at Lakewood Ranch","url":"https:\/\/www.segoviaorthodonticslakewoodranch.com\/","logo":{"@type":"ImageObject","inLanguage":"es","@id":"https:\/\/www.segoviaorthodonticslakewoodranch.com\/#\/schema\/logo\/image\/","url":"https:\/\/www.segoviaorthodonticslakewoodranch.com\/wp-content\/uploads\/2022\/03\/SegoviaOrtho_horizon_version.png","contentUrl":"https:\/\/www.segoviaorthodonticslakewoodranch.com\/wp-content\/uploads\/2022\/03\/SegoviaOrtho_horizon_version.png","width":1920,"height":511,"caption":"Segovia Orthodontics at Lakewood Ranch"},"image":{"@id":"https:\/\/www.segoviaorthodonticslakewoodranch.com\/#\/schema\/logo\/image\/"},"sameAs":["https:\/\/www.facebook.com\/people\/Segovia-Orthodontics-At-Lakewood-Ranch\/61572006943430\/","https:\/\/www.instagram.com\/segovia.orthodontics.lwr\/"]}]}},"_links":{"self":[{"href":"https:\/\/www.segoviaorthodonticslakewoodranch.com\/es\/wp-json\/wp\/v2\/pages\/5909","targetHints":{"allow":["GET"]}}],"collection":[{"href":"https:\/\/www.segoviaorthodonticslakewoodranch.com\/es\/wp-json\/wp\/v2\/pages"}],"about":[{"href":"https:\/\/www.segoviaorthodonticslakewoodranch.com\/es\/wp-json\/wp\/v2\/types\/page"}],"author":[{"embeddable":true,"href":"https:\/\/www.segoviaorthodonticslakewoodranch.com\/es\/wp-json\/wp\/v2\/users\/4"}],"replies":[{"embeddable":true,"href":"https:\/\/www.segoviaorthodonticslakewoodranch.com\/es\/wp-json\/wp\/v2\/comments?post=5909"}],"version-history":[{"count":8,"href":"https:\/\/www.segoviaorthodonticslakewoodranch.com\/es\/wp-json\/wp\/v2\/pages\/5909\/revisions"}],"predecessor-version":[{"id":6624,"href":"https:\/\/www.segoviaorthodonticslakewoodranch.com\/es\/wp-json\/wp\/v2\/pages\/5909\/revisions\/6624"}],"wp:featuredmedia":[{"embeddable":true,"href":"https:\/\/www.segoviaorthodonticslakewoodranch.com\/es\/wp-json\/wp\/v2\/media\/6132"}],"wp:attachment":[{"href":"https:\/\/www.segoviaorthodonticslakewoodranch.com\/es\/wp-json\/wp\/v2\/media?parent=5909"}],"curies":[{"name":"wp","href":"https:\/\/api.w.org\/{rel}","templated":true}]}}