{"id":5933,"date":"2022-07-19T14:34:29","date_gmt":"2022-07-19T14:34:29","guid":{"rendered":"https:\/\/segoviaorthodonticslakewoodranch.com\/ortesis-lightforce\/"},"modified":"2025-01-27T05:09:03","modified_gmt":"2025-01-27T05:09:03","slug":"ortesis-lightforce","status":"publish","type":"page","link":"https:\/\/www.segoviaorthodonticslakewoodranch.com\/es\/ortesis-lightforce\/","title":{"rendered":"Ortodoncia LightForce"},"content":{"rendered":"\t\t<div data-elementor-type=\"wp-page\" data-elementor-id=\"5933\" class=\"elementor elementor-5933 elementor-4671\" data-elementor-post-type=\"page\">\n\t\t\t\t\t\t<section data-particle_enable=\"false\" data-particle-mobile-disabled=\"false\" class=\"elementor-section elementor-top-section elementor-element elementor-element-51624a9 elementor-section-boxed elementor-section-height-default elementor-section-height-default\" data-id=\"51624a9\" data-element_type=\"section\">\n\t\t\t\t\t\t<div class=\"elementor-container elementor-column-gap-default\">\n\t\t\t\t\t<div class=\"elementor-column elementor-col-100 elementor-top-column elementor-element elementor-element-e485a9b\" data-id=\"e485a9b\" data-element_type=\"column\">\n\t\t\t<div class=\"elementor-widget-wrap elementor-element-populated\">\n\t\t\t\t\t\t<div class=\"elementor-element elementor-element-483eb1f elementor-widget elementor-widget-text-editor\" data-id=\"483eb1f\" data-element_type=\"widget\" data-widget_type=\"text-editor.default\">\n\t\t\t\t<div class=\"elementor-widget-container\">\n\t\t\t\t\t\t\t\t\t<p>En Segovia Orthodontics at Lakewood Ranch, nos apasiona combinar tecnolog\u00eda innovadora con atenci\u00f3n personalizada para crear sonrisas bellas y sanas. Cada sonrisa es \u00fanica, y creemos en la elaboraci\u00f3n de planes de tratamiento personalizados adaptados a tus necesidades espec\u00edficas. Por eso estamos orgullosos de ofrecer ortodoncia LightForce, un sistema revolucionario que redefine los aparatos con tecnolog\u00eda de vanguardia.<\/p><h2>\u00bfQu\u00e9 es la ortodoncia LightForce?<\/h2><p>La Ortodoncia LightForce es el primer sistema de ortodoncia totalmente digital, que combina una avanzada tecnolog\u00eda de impresi\u00f3n en 3D con ingenier\u00eda de precisi\u00f3n. Con este innovador sistema, <a href=\"https:\/\/segoviaorthodonticslakewoodranch.com\/es\/conoce-al-dr-segovia\/\">la Dra. Flor<\/a> Segovia dise\u00f1a aparatos personalizados para que se adapten perfectamente a tus dientes, garantizando una comodidad y eficacia del tratamiento excepcionales.<\/p><h3>Caracter\u00edsticas de la ortodoncia LightForce<\/h3><ul><li><strong>Brackets a medida<\/strong>: Cada bracket se dise\u00f1a de forma exclusiva para adaptarse a tu estructura dental individual, optimizando los resultados de tu tratamiento.<\/li><li><strong>Brackets impresos en 3D<\/strong>: Los brackets y las plantillas de adhesi\u00f3n de LightForce se fabrican con precisi\u00f3n mediante tecnolog\u00eda de impresi\u00f3n 3D para alinearlos con tu plan de tratamiento digital.<\/li><li><strong>Ajustes en tiempo real<\/strong>: La Dra. Segovia puede realizar modificaciones precisas directamente sobre un modelo digital, visualizando el impacto de los ajustes al instante.<\/li><\/ul><h2>Ventajas de la tecnolog\u00eda LightForce<\/h2><h3>Tiempos de tratamiento un 45% m\u00e1s r\u00e1pidos<\/h3><p>La ortodoncia LightForce permite una planificaci\u00f3n m\u00e1s eficaz y una ejecuci\u00f3n m\u00e1s precisa, reduciendo a menudo el tiempo de tratamiento hasta en un 45%.<\/p><h3>Dise\u00f1o avanzado de soportes<\/h3><p>Los <a href=\"https:\/\/segoviaorthodonticslakewoodranch.com\/es\/tipos-de-ortodoncia\/\">brackets<\/a> tradicionales se basan en un enfoque de talla \u00fanica. Los brackets LightForce est\u00e1n dise\u00f1ados espec\u00edficamente para:<\/p><ul><li>Se adhieren perfectamente a la superficie de tus dientes con una capa de cemento uniforme.<\/li><li>Aumenta la comodidad minimizando la irritaci\u00f3n de enc\u00edas y tejidos blandos.<\/li><li>Aborda los posibles problemas periodontales con dise\u00f1os a medida.<\/li><\/ul><h3>Opciones est\u00e9ticas sutiles<\/h3><p>LightForce ofrece <strong>brackets transparentes o blancos<\/strong>, que se funden naturalmente con tus dientes para un aspecto m\u00e1s discreto. Incluso los dientes posteriores est\u00e1n dise\u00f1ados para ser sutiles, de modo que tus aparatos se noten menos.<\/p><h2>Tratamiento m\u00e1s r\u00e1pido y preciso<\/h2><p>La intuitiva plataforma digital de LightForce agiliza todo el proceso de ortodoncia, proporcionando:<\/p><ul><li><strong>Ajustes de precisi\u00f3n en tiempo real<\/strong>: La Dra. Segovia puede crear un plan de tratamiento con mayor precisi\u00f3n, visualizado a trav\u00e9s de un modelo 3D.<\/li><li><strong>Entrega r\u00e1pida<\/strong>: Los aparatos personalizados se entregan en menos de dos semanas, lo que te ayuda a empezar antes la transformaci\u00f3n de tu sonrisa.<\/li><\/ul>\t\t\t\t\t\t\t\t<\/div>\n\t\t\t\t<\/div>\n\t\t\t\t\t<\/div>\n\t\t<\/div>\n\t\t\t\t\t<\/div>\n\t\t<\/section>\n\t\t\t\t<section data-particle_enable=\"false\" data-particle-mobile-disabled=\"false\" class=\"elementor-section elementor-top-section elementor-element elementor-element-4f14174 elementor-section-boxed elementor-section-height-default elementor-section-height-default\" data-id=\"4f14174\" data-element_type=\"section\">\n\t\t\t\t\t\t<div class=\"elementor-container elementor-column-gap-default\">\n\t\t\t\t\t<div class=\"elementor-column elementor-col-100 elementor-top-column elementor-element elementor-element-fa98242\" data-id=\"fa98242\" data-element_type=\"column\">\n\t\t\t<div class=\"elementor-widget-wrap elementor-element-populated\">\n\t\t\t\t\t\t<div class=\"elementor-element elementor-element-bdc81c1 elementor-widget elementor-widget-video\" data-id=\"bdc81c1\" data-element_type=\"widget\" data-settings=\"{&quot;youtube_url&quot;:&quot;https:\\\/\\\/youtu.be\\\/E3TIZMOnXWk&quot;,&quot;show_image_overlay&quot;:&quot;yes&quot;,&quot;image_overlay&quot;:{&quot;url&quot;:&quot;https:\\\/\\\/segoviaorthodonticslakewoodranch.com\\\/wp-content\\\/uploads\\\/2023\\\/03\\\/video-cover-lightforce.png&quot;,&quot;id&quot;:3761,&quot;size&quot;:&quot;&quot;,&quot;alt&quot;:&quot;&quot;,&quot;source&quot;:&quot;library&quot;},&quot;video_type&quot;:&quot;youtube&quot;,&quot;controls&quot;:&quot;yes&quot;}\" data-widget_type=\"video.default\">\n\t\t\t\t<div class=\"elementor-widget-container\">\n\t\t\t\t\t\t\t<div class=\"elementor-wrapper elementor-open-inline\">\n\t\t\t<div class=\"elementor-video\"><\/div>\t\t\t\t<div class=\"elementor-custom-embed-image-overlay\" style=\"background-image: url();\">\n\t\t\t\t\t\t\t\t\t\t\t\t\t\t<\/div>\n\t\t\t\t\t<\/div>\n\t\t\t\t\t\t<\/div>\n\t\t\t\t<\/div>\n\t\t\t\t\t<\/div>\n\t\t<\/div>\n\t\t\t\t\t<\/div>\n\t\t<\/section>\n\t\t\t\t<section data-particle_enable=\"false\" data-particle-mobile-disabled=\"false\" class=\"elementor-section elementor-top-section elementor-element elementor-element-27d119d elementor-section-boxed elementor-section-height-default elementor-section-height-default\" data-id=\"27d119d\" data-element_type=\"section\">\n\t\t\t\t\t\t<div class=\"elementor-container elementor-column-gap-default\">\n\t\t\t\t\t<div class=\"elementor-column elementor-col-100 elementor-top-column elementor-element elementor-element-975fbd8\" data-id=\"975fbd8\" data-element_type=\"column\">\n\t\t\t<div class=\"elementor-widget-wrap elementor-element-populated\">\n\t\t\t\t\t\t<div class=\"elementor-element elementor-element-c66faae elementor-widget elementor-widget-text-editor\" data-id=\"c66faae\" data-element_type=\"widget\" data-widget_type=\"text-editor.default\">\n\t\t\t\t<div class=\"elementor-widget-container\">\n\t\t\t\t\t\t\t\t\t<h2>Transformar sonrisas con LightForce<\/h2>\n<p>LightForce Orthodontics est\u00e1 revolucionando la ortodoncia, haciendo que los tratamientos sean m\u00e1s r\u00e1pidos, c\u00f3modos y adaptados espec\u00edficamente a ti. \u00bfListo para experimentar el futuro de la ortodoncia? Ponte en contacto con Segovia Orthodontics at Lakewood Ranch hoy mismo para programar tu consulta con la Dra. Flora Segovia y comenzar tu experiencia hacia una sonrisa nueva y deslumbrante.<\/p>\n\t\t\t\t\t\t\t\t<\/div>\n\t\t\t\t<\/div>\n\t\t\t\t\t<\/div>\n\t\t<\/div>\n\t\t\t\t\t<\/div>\n\t\t<\/section>\n\t\t\t\t<\/div>\n\t\t","protected":false},"excerpt":{"rendered":"<p>En Segovia Orthodontics at Lakewood Ranch, nos apasiona combinar tecnolog\u00eda innovadora con atenci\u00f3n personalizada para crear sonrisas bellas y sanas. Cada sonrisa es \u00fanica, y creemos en la elaboraci\u00f3n de planes de tratamiento personalizados adaptados a tus necesidades espec\u00edficas. Por eso estamos orgullosos de ofrecer ortodoncia LightForce, un sistema revolucionario que redefine los aparatos con tecnolog\u00eda de vanguardia. [&hellip;]<\/p>\n","protected":false},"author":4,"featured_media":6123,"parent":0,"menu_order":61,"comment_status":"closed","ping_status":"closed","template":"","meta":{"_acf_changed":false,"iawp_total_views":0,"footnotes":"","_yoast_wpseo_focuskw":"","_yoast_wpseo_metadesc":"","_yoast_wpseo_linkdex":"","_yoast_wpseo_content_score":"","rank_math_focus_keyword":"","rank_math_description":"","rank_math_seo_score":""},"class_list":["post-5933","page","type-page","status-publish","has-post-thumbnail","hentry"],"acf":[],"yoast_head":"<!-- This site is optimized with the Yoast SEO plugin v27.0 - https:\/\/yoast.com\/product\/yoast-seo-wordpress\/ -->\n<title>Ortodoncia LightForce - Segovia Orthodontics<\/title>\n<meta name=\"robots\" content=\"index, follow, max-snippet:-1, max-image-preview:large, max-video-preview:-1\" \/>\n<link rel=\"canonical\" href=\"https:\/\/www.segoviaorthodonticslakewoodranch.com\/es\/ortesis-lightforce\/\" \/>\n<meta property=\"og:locale\" content=\"es_ES\" \/>\n<meta property=\"og:type\" content=\"article\" \/>\n<meta property=\"og:title\" content=\"Ortodoncia LightForce - Segovia Orthodontics\" \/>\n<meta property=\"og:description\" content=\"En Segovia Orthodontics at Lakewood Ranch, nos apasiona combinar tecnolog\u00eda innovadora con atenci\u00f3n personalizada para crear sonrisas bellas y sanas. Cada sonrisa es \u00fanica, y creemos en la elaboraci\u00f3n de planes de tratamiento personalizados adaptados a tus necesidades espec\u00edficas. Por eso estamos orgullosos de ofrecer ortodoncia LightForce, un sistema revolucionario que redefine los aparatos con tecnolog\u00eda de vanguardia. [&hellip;]\" \/>\n<meta property=\"og:url\" content=\"https:\/\/www.segoviaorthodonticslakewoodranch.com\/es\/ortesis-lightforce\/\" \/>\n<meta property=\"og:site_name\" content=\"Segovia Orthodontics\" \/>\n<meta property=\"article:publisher\" content=\"https:\/\/www.facebook.com\/people\/Segovia-Orthodontics-At-Lakewood-Ranch\/61572006943430\/\" \/>\n<meta property=\"article:modified_time\" content=\"2025-01-27T05:09:03+00:00\" \/>\n<meta property=\"og:image\" content=\"https:\/\/www.segoviaorthodonticslakewoodranch.com\/wp-content\/uploads\/2025\/01\/page-photo-lightforce-orthodontics.png\" \/>\n\t<meta property=\"og:image:width\" content=\"500\" \/>\n\t<meta property=\"og:image:height\" content=\"500\" \/>\n\t<meta property=\"og:image:type\" content=\"image\/png\" \/>\n<meta name=\"twitter:card\" content=\"summary_large_image\" \/>\n<meta name=\"twitter:label1\" content=\"Tiempo de lectura\" \/>\n\t<meta name=\"twitter:data1\" content=\"2 minutos\" \/>\n<script type=\"application\/ld+json\" class=\"yoast-schema-graph\">{\"@context\":\"https:\/\/schema.org\",\"@graph\":[{\"@type\":\"WebPage\",\"@id\":\"https:\/\/www.segoviaorthodonticslakewoodranch.com\/es\/ortesis-lightforce\/\",\"url\":\"https:\/\/www.segoviaorthodonticslakewoodranch.com\/es\/ortesis-lightforce\/\",\"name\":\"Ortodoncia LightForce - Segovia Orthodontics\",\"isPartOf\":{\"@id\":\"https:\/\/www.segoviaorthodonticslakewoodranch.com\/#website\"},\"primaryImageOfPage\":{\"@id\":\"https:\/\/www.segoviaorthodonticslakewoodranch.com\/es\/ortesis-lightforce\/#primaryimage\"},\"image\":{\"@id\":\"https:\/\/www.segoviaorthodonticslakewoodranch.com\/es\/ortesis-lightforce\/#primaryimage\"},\"thumbnailUrl\":\"https:\/\/www.segoviaorthodonticslakewoodranch.com\/wp-content\/uploads\/2025\/01\/page-photo-lightforce-orthodontics.png\",\"datePublished\":\"2022-07-19T14:34:29+00:00\",\"dateModified\":\"2025-01-27T05:09:03+00:00\",\"breadcrumb\":{\"@id\":\"https:\/\/www.segoviaorthodonticslakewoodranch.com\/es\/ortesis-lightforce\/#breadcrumb\"},\"inLanguage\":\"es\",\"potentialAction\":[{\"@type\":\"ReadAction\",\"target\":[\"https:\/\/www.segoviaorthodonticslakewoodranch.com\/es\/ortesis-lightforce\/\"]}]},{\"@type\":\"ImageObject\",\"inLanguage\":\"es\",\"@id\":\"https:\/\/www.segoviaorthodonticslakewoodranch.com\/es\/ortesis-lightforce\/#primaryimage\",\"url\":\"https:\/\/www.segoviaorthodonticslakewoodranch.com\/wp-content\/uploads\/2025\/01\/page-photo-lightforce-orthodontics.png\",\"contentUrl\":\"https:\/\/www.segoviaorthodonticslakewoodranch.com\/wp-content\/uploads\/2025\/01\/page-photo-lightforce-orthodontics.png\",\"width\":500,\"height\":500,\"caption\":\"LightForce Braces Segovia Orthodontics at Lakewood Ranch, FL\"},{\"@type\":\"BreadcrumbList\",\"@id\":\"https:\/\/www.segoviaorthodonticslakewoodranch.com\/es\/ortesis-lightforce\/#breadcrumb\",\"itemListElement\":[{\"@type\":\"ListItem\",\"position\":1,\"name\":\"Home\",\"item\":\"https:\/\/www.segoviaorthodonticslakewoodranch.com\/es\/\"},{\"@type\":\"ListItem\",\"position\":2,\"name\":\"Ortodoncia LightForce\"}]},{\"@type\":\"WebSite\",\"@id\":\"https:\/\/www.segoviaorthodonticslakewoodranch.com\/#website\",\"url\":\"https:\/\/www.segoviaorthodonticslakewoodranch.com\/\",\"name\":\"Segovia Orthodontics at Lakewood Ranch\",\"description\":\"Top Orthodontist Lakewood Ranch FL 34202 | Segovia Orthodontics at Lakewood Ranch\",\"publisher\":{\"@id\":\"https:\/\/www.segoviaorthodonticslakewoodranch.com\/#organization\"},\"potentialAction\":[{\"@type\":\"SearchAction\",\"target\":{\"@type\":\"EntryPoint\",\"urlTemplate\":\"https:\/\/www.segoviaorthodonticslakewoodranch.com\/?s={search_term_string}\"},\"query-input\":{\"@type\":\"PropertyValueSpecification\",\"valueRequired\":true,\"valueName\":\"search_term_string\"}}],\"inLanguage\":\"es\"},{\"@type\":\"Organization\",\"@id\":\"https:\/\/www.segoviaorthodonticslakewoodranch.com\/#organization\",\"name\":\"Segovia Orthodontics at Lakewood Ranch\",\"url\":\"https:\/\/www.segoviaorthodonticslakewoodranch.com\/\",\"logo\":{\"@type\":\"ImageObject\",\"inLanguage\":\"es\",\"@id\":\"https:\/\/www.segoviaorthodonticslakewoodranch.com\/#\/schema\/logo\/image\/\",\"url\":\"https:\/\/www.segoviaorthodonticslakewoodranch.com\/wp-content\/uploads\/2022\/03\/SegoviaOrtho_horizon_version.png\",\"contentUrl\":\"https:\/\/www.segoviaorthodonticslakewoodranch.com\/wp-content\/uploads\/2022\/03\/SegoviaOrtho_horizon_version.png\",\"width\":1920,\"height\":511,\"caption\":\"Segovia Orthodontics at Lakewood Ranch\"},\"image\":{\"@id\":\"https:\/\/www.segoviaorthodonticslakewoodranch.com\/#\/schema\/logo\/image\/\"},\"sameAs\":[\"https:\/\/www.facebook.com\/people\/Segovia-Orthodontics-At-Lakewood-Ranch\/61572006943430\/\",\"https:\/\/www.instagram.com\/segovia.orthodontics.lwr\/\"]}]}<\/script>\n<!-- \/ Yoast SEO plugin. -->","yoast_head_json":{"title":"Ortodoncia LightForce - Segovia Orthodontics","robots":{"index":"index","follow":"follow","max-snippet":"max-snippet:-1","max-image-preview":"max-image-preview:large","max-video-preview":"max-video-preview:-1"},"canonical":"https:\/\/www.segoviaorthodonticslakewoodranch.com\/es\/ortesis-lightforce\/","og_locale":"es_ES","og_type":"article","og_title":"Ortodoncia LightForce - Segovia Orthodontics","og_description":"En Segovia Orthodontics at Lakewood Ranch, nos apasiona combinar tecnolog\u00eda innovadora con atenci\u00f3n personalizada para crear sonrisas bellas y sanas. Cada sonrisa es \u00fanica, y creemos en la elaboraci\u00f3n de planes de tratamiento personalizados adaptados a tus necesidades espec\u00edficas. Por eso estamos orgullosos de ofrecer ortodoncia LightForce, un sistema revolucionario que redefine los aparatos con tecnolog\u00eda de vanguardia. [&hellip;]","og_url":"https:\/\/www.segoviaorthodonticslakewoodranch.com\/es\/ortesis-lightforce\/","og_site_name":"Segovia Orthodontics","article_publisher":"https:\/\/www.facebook.com\/people\/Segovia-Orthodontics-At-Lakewood-Ranch\/61572006943430\/","article_modified_time":"2025-01-27T05:09:03+00:00","og_image":[{"width":500,"height":500,"url":"https:\/\/www.segoviaorthodonticslakewoodranch.com\/wp-content\/uploads\/2025\/01\/page-photo-lightforce-orthodontics.png","type":"image\/png"}],"twitter_card":"summary_large_image","twitter_misc":{"Tiempo de lectura":"2 minutos"},"schema":{"@context":"https:\/\/schema.org","@graph":[{"@type":"WebPage","@id":"https:\/\/www.segoviaorthodonticslakewoodranch.com\/es\/ortesis-lightforce\/","url":"https:\/\/www.segoviaorthodonticslakewoodranch.com\/es\/ortesis-lightforce\/","name":"Ortodoncia LightForce - Segovia Orthodontics","isPartOf":{"@id":"https:\/\/www.segoviaorthodonticslakewoodranch.com\/#website"},"primaryImageOfPage":{"@id":"https:\/\/www.segoviaorthodonticslakewoodranch.com\/es\/ortesis-lightforce\/#primaryimage"},"image":{"@id":"https:\/\/www.segoviaorthodonticslakewoodranch.com\/es\/ortesis-lightforce\/#primaryimage"},"thumbnailUrl":"https:\/\/www.segoviaorthodonticslakewoodranch.com\/wp-content\/uploads\/2025\/01\/page-photo-lightforce-orthodontics.png","datePublished":"2022-07-19T14:34:29+00:00","dateModified":"2025-01-27T05:09:03+00:00","breadcrumb":{"@id":"https:\/\/www.segoviaorthodonticslakewoodranch.com\/es\/ortesis-lightforce\/#breadcrumb"},"inLanguage":"es","potentialAction":[{"@type":"ReadAction","target":["https:\/\/www.segoviaorthodonticslakewoodranch.com\/es\/ortesis-lightforce\/"]}]},{"@type":"ImageObject","inLanguage":"es","@id":"https:\/\/www.segoviaorthodonticslakewoodranch.com\/es\/ortesis-lightforce\/#primaryimage","url":"https:\/\/www.segoviaorthodonticslakewoodranch.com\/wp-content\/uploads\/2025\/01\/page-photo-lightforce-orthodontics.png","contentUrl":"https:\/\/www.segoviaorthodonticslakewoodranch.com\/wp-content\/uploads\/2025\/01\/page-photo-lightforce-orthodontics.png","width":500,"height":500,"caption":"LightForce Braces Segovia Orthodontics at Lakewood Ranch, FL"},{"@type":"BreadcrumbList","@id":"https:\/\/www.segoviaorthodonticslakewoodranch.com\/es\/ortesis-lightforce\/#breadcrumb","itemListElement":[{"@type":"ListItem","position":1,"name":"Home","item":"https:\/\/www.segoviaorthodonticslakewoodranch.com\/es\/"},{"@type":"ListItem","position":2,"name":"Ortodoncia LightForce"}]},{"@type":"WebSite","@id":"https:\/\/www.segoviaorthodonticslakewoodranch.com\/#website","url":"https:\/\/www.segoviaorthodonticslakewoodranch.com\/","name":"Segovia Orthodontics at Lakewood Ranch","description":"Top Orthodontist Lakewood Ranch FL 34202 | Segovia Orthodontics at Lakewood Ranch","publisher":{"@id":"https:\/\/www.segoviaorthodonticslakewoodranch.com\/#organization"},"potentialAction":[{"@type":"SearchAction","target":{"@type":"EntryPoint","urlTemplate":"https:\/\/www.segoviaorthodonticslakewoodranch.com\/?s={search_term_string}"},"query-input":{"@type":"PropertyValueSpecification","valueRequired":true,"valueName":"search_term_string"}}],"inLanguage":"es"},{"@type":"Organization","@id":"https:\/\/www.segoviaorthodonticslakewoodranch.com\/#organization","name":"Segovia Orthodontics at Lakewood Ranch","url":"https:\/\/www.segoviaorthodonticslakewoodranch.com\/","logo":{"@type":"ImageObject","inLanguage":"es","@id":"https:\/\/www.segoviaorthodonticslakewoodranch.com\/#\/schema\/logo\/image\/","url":"https:\/\/www.segoviaorthodonticslakewoodranch.com\/wp-content\/uploads\/2022\/03\/SegoviaOrtho_horizon_version.png","contentUrl":"https:\/\/www.segoviaorthodonticslakewoodranch.com\/wp-content\/uploads\/2022\/03\/SegoviaOrtho_horizon_version.png","width":1920,"height":511,"caption":"Segovia Orthodontics at Lakewood Ranch"},"image":{"@id":"https:\/\/www.segoviaorthodonticslakewoodranch.com\/#\/schema\/logo\/image\/"},"sameAs":["https:\/\/www.facebook.com\/people\/Segovia-Orthodontics-At-Lakewood-Ranch\/61572006943430\/","https:\/\/www.instagram.com\/segovia.orthodontics.lwr\/"]}]}},"_links":{"self":[{"href":"https:\/\/www.segoviaorthodonticslakewoodranch.com\/es\/wp-json\/wp\/v2\/pages\/5933","targetHints":{"allow":["GET"]}}],"collection":[{"href":"https:\/\/www.segoviaorthodonticslakewoodranch.com\/es\/wp-json\/wp\/v2\/pages"}],"about":[{"href":"https:\/\/www.segoviaorthodonticslakewoodranch.com\/es\/wp-json\/wp\/v2\/types\/page"}],"author":[{"embeddable":true,"href":"https:\/\/www.segoviaorthodonticslakewoodranch.com\/es\/wp-json\/wp\/v2\/users\/4"}],"replies":[{"embeddable":true,"href":"https:\/\/www.segoviaorthodonticslakewoodranch.com\/es\/wp-json\/wp\/v2\/comments?post=5933"}],"version-history":[{"count":8,"href":"https:\/\/www.segoviaorthodonticslakewoodranch.com\/es\/wp-json\/wp\/v2\/pages\/5933\/revisions"}],"predecessor-version":[{"id":6621,"href":"https:\/\/www.segoviaorthodonticslakewoodranch.com\/es\/wp-json\/wp\/v2\/pages\/5933\/revisions\/6621"}],"wp:featuredmedia":[{"embeddable":true,"href":"https:\/\/www.segoviaorthodonticslakewoodranch.com\/es\/wp-json\/wp\/v2\/media\/6123"}],"wp:attachment":[{"href":"https:\/\/www.segoviaorthodonticslakewoodranch.com\/es\/wp-json\/wp\/v2\/media?parent=5933"}],"curies":[{"name":"wp","href":"https:\/\/api.w.org\/{rel}","templated":true}]}}