{"id":5946,"date":"2022-06-24T16:40:59","date_gmt":"2022-06-24T16:40:59","guid":{"rendered":"https:\/\/segoviaorthodonticslakewoodranch.com\/se-habla-espanol\/"},"modified":"2025-01-27T05:23:49","modified_gmt":"2025-01-27T05:23:49","slug":"se-habla-espanol","status":"publish","type":"page","link":"https:\/\/www.segoviaorthodonticslakewoodranch.com\/es\/se-habla-espanol\/","title":{"rendered":"Se Habla Espa\u00f1ol"},"content":{"rendered":"\t\t<div data-elementor-type=\"wp-page\" data-elementor-id=\"5946\" class=\"elementor elementor-5946\" data-elementor-post-type=\"page\">\n\t\t\t\t\t\t<section data-particle_enable=\"false\" data-particle-mobile-disabled=\"false\" class=\"elementor-section elementor-top-section elementor-element elementor-element-d699fd2 elementor-section-boxed elementor-section-height-default elementor-section-height-default\" data-id=\"d699fd2\" data-element_type=\"section\">\n\t\t\t\t\t\t<div class=\"elementor-container elementor-column-gap-default\">\n\t\t\t\t\t<div class=\"elementor-column elementor-col-100 elementor-top-column elementor-element elementor-element-2cbae09\" data-id=\"2cbae09\" data-element_type=\"column\">\n\t\t\t<div class=\"elementor-widget-wrap elementor-element-populated\">\n\t\t\t\t\t\t<div class=\"elementor-element elementor-element-3547d39 elementor-widget elementor-widget-text-editor\" data-id=\"3547d39\" data-element_type=\"widget\" data-widget_type=\"text-editor.default\">\n\t\t\t\t<div class=\"elementor-widget-container\">\n\t\t\t\t\t\t\t\t\t<h2>Bienvenidos a la oficina de Segovia Orthodontics en Lakewood Ranch, FL<\/h2>\n<p>En Segovia Orthodontics at Lakewood Ranch, estamos comprometidos con brindar atenci\u00f3n ortod\u00f3ncica de la m\u00e1s alta calidad a ni\u00f1os, adolescentes y adultos en Lakewood Ranch y sus \u00e1reas vecinas.<\/p>\n<p>Construir relaciones s\u00f3lidas y mantenernos conectados contigo y tu familia es una prioridad para nuestro equipo. Nuestro objetivo es ofrecer servicios ortod\u00f3ncicos avanzados en un ambiente relajado, acogedor y profesional, ayud\u00e1ndole a lograr una sonrisa saludable y hermosa.<\/p>\n<h2>Nuestro Compromiso con los Pacientes y sus Familias<\/h2>\n<p>Desde su primera visita hasta el d\u00eda en que se retiren sus aparatos, garantizamos que se sentir\u00e1 c\u00f3modo y seguro. Gracias a nuestros a\u00f1os de experiencia, proporcionamos el mejor tratamiento ortod\u00f3ncico y un servicio al cliente excepcional.<\/p>\n<h3>\u00bfPor qu\u00e9 elegir Ortodoncia Segovia en Lakewood Ranch?<\/h3>\n<ul>\n<li><strong>Atenci\u00f3n personalizada:<\/strong> La <a href=\"https:\/\/segoviaorthodonticslakewoodranch.com\/es\/conoce-al-dr-segovia\/\">Dra. Flor Segovia<\/a> y su equipo trabajan juntos para ofrecer una experiencia positiva para ti y tu familia.<\/li>\n<li><strong>Tecnolog\u00eda de excelencia:<\/strong> Utilizamos m\u00e9todos modernos como <a href=\"https:\/\/segoviaorthodonticslakewoodranch.com\/es\/tipos-de-ortodoncia\/\">escuadras<\/a> met\u00e1licas tradicionales, escuadras transparentes, <a href=\"https:\/\/segoviaorthodonticslakewoodranch.com\/es\/alineadores-transparentes\/\">alineadores transparentes<\/a>, la alternativa transparente para enderezar dientes.<\/li>\n<li><strong>Un ambiente divertido:<\/strong> Nuestra pr\u00e1ctica es un espacio c\u00e1lido y animado donde sonre\u00edr se siente natural.<\/li>\n<li><strong>Opciones de financiamiento:<\/strong> Contamos con <a href=\"https:\/\/segoviaorthodonticslakewoodranch.com\/es\/financiacion-facil\/\">planes de pago<\/a> flexibles que se adaptan a las necesidades de tu familia y tu presupuesto.<\/li>\n<li><strong>Horarios convenientes:<\/strong> Sabemos que tu tiempo es valioso, por lo que nos esmeramos en atenderte puntualmente y ofrecerte horarios flexibles.<\/li>\n<li><strong>Soporte continuo:<\/strong> Nuestro equipo est\u00e1 siempre disponible para responder a sus dudas o brindarle asistencia.<\/li>\n<\/ul>\n<h2>\u00a1Comienza Hoy Tu Tratamiento Ortodontico!<\/h2>\n<p>Cuando est\u00e9s listo para transformar tu sonrisa, ponte en <a href=\"https:\/\/segoviaorthodonticslakewoodranch.com\/es\/oficina-de-lakewood-ranch\/\">contacto<\/a> con nosotros para programar tu <a href=\"https:\/\/segoviaorthodonticslakewoodranch.com\/es\/pide-una-cita\/\">consulta<\/a> GRATUITA. \u00a1Estamos emocionados de ayudarte a lograr la sonrisa que siempre has deseado!<\/p>\t\t\t\t\t\t\t\t<\/div>\n\t\t\t\t<\/div>\n\t\t\t\t\t<\/div>\n\t\t<\/div>\n\t\t\t\t\t<\/div>\n\t\t<\/section>\n\t\t\t\t<\/div>\n\t\t","protected":false},"excerpt":{"rendered":"<p>Bienvenidos a la oficina de Segovia Orthodontics en Lakewood Ranch, FL En Segovia Orthodontics at Lakewood Ranch, estamos comprometidos con brindar atenci\u00f3n ortod\u00f3ncica de la m\u00e1s alta calidad a ni\u00f1os, adolescentes y adultos en Lakewood Ranch y sus \u00e1reas vecinas. Construir relaciones s\u00f3lidas y mantenernos conectados contigo y tu familia es una prioridad para nuestro equipo. Nuestro objetivo [&hellip;]<\/p>\n","protected":false},"author":4,"featured_media":6150,"parent":0,"menu_order":78,"comment_status":"closed","ping_status":"closed","template":"","meta":{"_acf_changed":false,"iawp_total_views":0,"footnotes":"","_yoast_wpseo_focuskw":"","_yoast_wpseo_metadesc":"","_yoast_wpseo_linkdex":"","_yoast_wpseo_content_score":"","rank_math_focus_keyword":"","rank_math_description":"","rank_math_seo_score":""},"class_list":["post-5946","page","type-page","status-publish","has-post-thumbnail","hentry"],"acf":[],"yoast_head":"<!-- This site is optimized with the Yoast SEO plugin v27.0 - https:\/\/yoast.com\/product\/yoast-seo-wordpress\/ -->\n<title>Se Habla Espa\u00f1ol - Segovia Orthodontics<\/title>\n<meta name=\"robots\" content=\"index, follow, max-snippet:-1, max-image-preview:large, max-video-preview:-1\" \/>\n<link rel=\"canonical\" href=\"https:\/\/www.segoviaorthodonticslakewoodranch.com\/es\/se-habla-espanol\/\" \/>\n<meta property=\"og:locale\" content=\"es_ES\" \/>\n<meta property=\"og:type\" content=\"article\" \/>\n<meta property=\"og:title\" content=\"Se Habla Espa\u00f1ol - Segovia Orthodontics\" \/>\n<meta property=\"og:description\" content=\"Bienvenidos a la oficina de Segovia Orthodontics en Lakewood Ranch, FL En Segovia Orthodontics at Lakewood Ranch, estamos comprometidos con brindar atenci\u00f3n ortod\u00f3ncica de la m\u00e1s alta calidad a ni\u00f1os, adolescentes y adultos en Lakewood Ranch y sus \u00e1reas vecinas. Construir relaciones s\u00f3lidas y mantenernos conectados contigo y tu familia es una prioridad para nuestro equipo. Nuestro objetivo [&hellip;]\" \/>\n<meta property=\"og:url\" content=\"https:\/\/www.segoviaorthodonticslakewoodranch.com\/es\/se-habla-espanol\/\" \/>\n<meta property=\"og:site_name\" content=\"Segovia Orthodontics\" \/>\n<meta property=\"article:publisher\" content=\"https:\/\/www.facebook.com\/people\/Segovia-Orthodontics-At-Lakewood-Ranch\/61572006943430\/\" \/>\n<meta property=\"article:modified_time\" content=\"2025-01-27T05:23:49+00:00\" \/>\n<meta property=\"og:image\" content=\"https:\/\/www.segoviaorthodonticslakewoodranch.com\/wp-content\/uploads\/2025\/01\/page-photo-ortodoncista-brackets.png\" \/>\n\t<meta property=\"og:image:width\" content=\"500\" \/>\n\t<meta property=\"og:image:height\" content=\"500\" \/>\n\t<meta property=\"og:image:type\" content=\"image\/png\" \/>\n<meta name=\"twitter:card\" content=\"summary_large_image\" \/>\n<meta name=\"twitter:label1\" content=\"Tiempo de lectura\" \/>\n\t<meta name=\"twitter:data1\" content=\"1 minuto\" \/>\n<script type=\"application\/ld+json\" class=\"yoast-schema-graph\">{\"@context\":\"https:\/\/schema.org\",\"@graph\":[{\"@type\":\"WebPage\",\"@id\":\"https:\/\/www.segoviaorthodonticslakewoodranch.com\/es\/se-habla-espanol\/\",\"url\":\"https:\/\/www.segoviaorthodonticslakewoodranch.com\/es\/se-habla-espanol\/\",\"name\":\"Se Habla Espa\u00f1ol - Segovia Orthodontics\",\"isPartOf\":{\"@id\":\"https:\/\/www.segoviaorthodonticslakewoodranch.com\/#website\"},\"primaryImageOfPage\":{\"@id\":\"https:\/\/www.segoviaorthodonticslakewoodranch.com\/es\/se-habla-espanol\/#primaryimage\"},\"image\":{\"@id\":\"https:\/\/www.segoviaorthodonticslakewoodranch.com\/es\/se-habla-espanol\/#primaryimage\"},\"thumbnailUrl\":\"https:\/\/www.segoviaorthodonticslakewoodranch.com\/wp-content\/uploads\/2025\/01\/page-photo-ortodoncista-brackets.png\",\"datePublished\":\"2022-06-24T16:40:59+00:00\",\"dateModified\":\"2025-01-27T05:23:49+00:00\",\"breadcrumb\":{\"@id\":\"https:\/\/www.segoviaorthodonticslakewoodranch.com\/es\/se-habla-espanol\/#breadcrumb\"},\"inLanguage\":\"es\",\"potentialAction\":[{\"@type\":\"ReadAction\",\"target\":[\"https:\/\/www.segoviaorthodonticslakewoodranch.com\/es\/se-habla-espanol\/\"]}]},{\"@type\":\"ImageObject\",\"inLanguage\":\"es\",\"@id\":\"https:\/\/www.segoviaorthodonticslakewoodranch.com\/es\/se-habla-espanol\/#primaryimage\",\"url\":\"https:\/\/www.segoviaorthodonticslakewoodranch.com\/wp-content\/uploads\/2025\/01\/page-photo-ortodoncista-brackets.png\",\"contentUrl\":\"https:\/\/www.segoviaorthodonticslakewoodranch.com\/wp-content\/uploads\/2025\/01\/page-photo-ortodoncista-brackets.png\",\"width\":500,\"height\":500,\"caption\":\"Ortodoncia en Segovia Orthodontics at Lakewood Ranch, FL\"},{\"@type\":\"BreadcrumbList\",\"@id\":\"https:\/\/www.segoviaorthodonticslakewoodranch.com\/es\/se-habla-espanol\/#breadcrumb\",\"itemListElement\":[{\"@type\":\"ListItem\",\"position\":1,\"name\":\"Home\",\"item\":\"https:\/\/www.segoviaorthodonticslakewoodranch.com\/es\/\"},{\"@type\":\"ListItem\",\"position\":2,\"name\":\"Se Habla Espa\u00f1ol\"}]},{\"@type\":\"WebSite\",\"@id\":\"https:\/\/www.segoviaorthodonticslakewoodranch.com\/#website\",\"url\":\"https:\/\/www.segoviaorthodonticslakewoodranch.com\/\",\"name\":\"Segovia Orthodontics at Lakewood Ranch\",\"description\":\"Top Orthodontist Lakewood Ranch FL 34202 | Segovia Orthodontics at Lakewood Ranch\",\"publisher\":{\"@id\":\"https:\/\/www.segoviaorthodonticslakewoodranch.com\/#organization\"},\"potentialAction\":[{\"@type\":\"SearchAction\",\"target\":{\"@type\":\"EntryPoint\",\"urlTemplate\":\"https:\/\/www.segoviaorthodonticslakewoodranch.com\/?s={search_term_string}\"},\"query-input\":{\"@type\":\"PropertyValueSpecification\",\"valueRequired\":true,\"valueName\":\"search_term_string\"}}],\"inLanguage\":\"es\"},{\"@type\":\"Organization\",\"@id\":\"https:\/\/www.segoviaorthodonticslakewoodranch.com\/#organization\",\"name\":\"Segovia Orthodontics at Lakewood Ranch\",\"url\":\"https:\/\/www.segoviaorthodonticslakewoodranch.com\/\",\"logo\":{\"@type\":\"ImageObject\",\"inLanguage\":\"es\",\"@id\":\"https:\/\/www.segoviaorthodonticslakewoodranch.com\/#\/schema\/logo\/image\/\",\"url\":\"https:\/\/www.segoviaorthodonticslakewoodranch.com\/wp-content\/uploads\/2022\/03\/SegoviaOrtho_horizon_version.png\",\"contentUrl\":\"https:\/\/www.segoviaorthodonticslakewoodranch.com\/wp-content\/uploads\/2022\/03\/SegoviaOrtho_horizon_version.png\",\"width\":1920,\"height\":511,\"caption\":\"Segovia Orthodontics at Lakewood Ranch\"},\"image\":{\"@id\":\"https:\/\/www.segoviaorthodonticslakewoodranch.com\/#\/schema\/logo\/image\/\"},\"sameAs\":[\"https:\/\/www.facebook.com\/people\/Segovia-Orthodontics-At-Lakewood-Ranch\/61572006943430\/\",\"https:\/\/www.instagram.com\/segovia.orthodontics.lwr\/\"]}]}<\/script>\n<!-- \/ Yoast SEO plugin. -->","yoast_head_json":{"title":"Se Habla Espa\u00f1ol - Segovia Orthodontics","robots":{"index":"index","follow":"follow","max-snippet":"max-snippet:-1","max-image-preview":"max-image-preview:large","max-video-preview":"max-video-preview:-1"},"canonical":"https:\/\/www.segoviaorthodonticslakewoodranch.com\/es\/se-habla-espanol\/","og_locale":"es_ES","og_type":"article","og_title":"Se Habla Espa\u00f1ol - Segovia Orthodontics","og_description":"Bienvenidos a la oficina de Segovia Orthodontics en Lakewood Ranch, FL En Segovia Orthodontics at Lakewood Ranch, estamos comprometidos con brindar atenci\u00f3n ortod\u00f3ncica de la m\u00e1s alta calidad a ni\u00f1os, adolescentes y adultos en Lakewood Ranch y sus \u00e1reas vecinas. Construir relaciones s\u00f3lidas y mantenernos conectados contigo y tu familia es una prioridad para nuestro equipo. Nuestro objetivo [&hellip;]","og_url":"https:\/\/www.segoviaorthodonticslakewoodranch.com\/es\/se-habla-espanol\/","og_site_name":"Segovia Orthodontics","article_publisher":"https:\/\/www.facebook.com\/people\/Segovia-Orthodontics-At-Lakewood-Ranch\/61572006943430\/","article_modified_time":"2025-01-27T05:23:49+00:00","og_image":[{"width":500,"height":500,"url":"https:\/\/www.segoviaorthodonticslakewoodranch.com\/wp-content\/uploads\/2025\/01\/page-photo-ortodoncista-brackets.png","type":"image\/png"}],"twitter_card":"summary_large_image","twitter_misc":{"Tiempo de lectura":"1 minuto"},"schema":{"@context":"https:\/\/schema.org","@graph":[{"@type":"WebPage","@id":"https:\/\/www.segoviaorthodonticslakewoodranch.com\/es\/se-habla-espanol\/","url":"https:\/\/www.segoviaorthodonticslakewoodranch.com\/es\/se-habla-espanol\/","name":"Se Habla Espa\u00f1ol - Segovia Orthodontics","isPartOf":{"@id":"https:\/\/www.segoviaorthodonticslakewoodranch.com\/#website"},"primaryImageOfPage":{"@id":"https:\/\/www.segoviaorthodonticslakewoodranch.com\/es\/se-habla-espanol\/#primaryimage"},"image":{"@id":"https:\/\/www.segoviaorthodonticslakewoodranch.com\/es\/se-habla-espanol\/#primaryimage"},"thumbnailUrl":"https:\/\/www.segoviaorthodonticslakewoodranch.com\/wp-content\/uploads\/2025\/01\/page-photo-ortodoncista-brackets.png","datePublished":"2022-06-24T16:40:59+00:00","dateModified":"2025-01-27T05:23:49+00:00","breadcrumb":{"@id":"https:\/\/www.segoviaorthodonticslakewoodranch.com\/es\/se-habla-espanol\/#breadcrumb"},"inLanguage":"es","potentialAction":[{"@type":"ReadAction","target":["https:\/\/www.segoviaorthodonticslakewoodranch.com\/es\/se-habla-espanol\/"]}]},{"@type":"ImageObject","inLanguage":"es","@id":"https:\/\/www.segoviaorthodonticslakewoodranch.com\/es\/se-habla-espanol\/#primaryimage","url":"https:\/\/www.segoviaorthodonticslakewoodranch.com\/wp-content\/uploads\/2025\/01\/page-photo-ortodoncista-brackets.png","contentUrl":"https:\/\/www.segoviaorthodonticslakewoodranch.com\/wp-content\/uploads\/2025\/01\/page-photo-ortodoncista-brackets.png","width":500,"height":500,"caption":"Ortodoncia en Segovia Orthodontics at Lakewood Ranch, FL"},{"@type":"BreadcrumbList","@id":"https:\/\/www.segoviaorthodonticslakewoodranch.com\/es\/se-habla-espanol\/#breadcrumb","itemListElement":[{"@type":"ListItem","position":1,"name":"Home","item":"https:\/\/www.segoviaorthodonticslakewoodranch.com\/es\/"},{"@type":"ListItem","position":2,"name":"Se Habla Espa\u00f1ol"}]},{"@type":"WebSite","@id":"https:\/\/www.segoviaorthodonticslakewoodranch.com\/#website","url":"https:\/\/www.segoviaorthodonticslakewoodranch.com\/","name":"Segovia Orthodontics at Lakewood Ranch","description":"Top Orthodontist Lakewood Ranch FL 34202 | Segovia Orthodontics at Lakewood Ranch","publisher":{"@id":"https:\/\/www.segoviaorthodonticslakewoodranch.com\/#organization"},"potentialAction":[{"@type":"SearchAction","target":{"@type":"EntryPoint","urlTemplate":"https:\/\/www.segoviaorthodonticslakewoodranch.com\/?s={search_term_string}"},"query-input":{"@type":"PropertyValueSpecification","valueRequired":true,"valueName":"search_term_string"}}],"inLanguage":"es"},{"@type":"Organization","@id":"https:\/\/www.segoviaorthodonticslakewoodranch.com\/#organization","name":"Segovia Orthodontics at Lakewood Ranch","url":"https:\/\/www.segoviaorthodonticslakewoodranch.com\/","logo":{"@type":"ImageObject","inLanguage":"es","@id":"https:\/\/www.segoviaorthodonticslakewoodranch.com\/#\/schema\/logo\/image\/","url":"https:\/\/www.segoviaorthodonticslakewoodranch.com\/wp-content\/uploads\/2022\/03\/SegoviaOrtho_horizon_version.png","contentUrl":"https:\/\/www.segoviaorthodonticslakewoodranch.com\/wp-content\/uploads\/2022\/03\/SegoviaOrtho_horizon_version.png","width":1920,"height":511,"caption":"Segovia Orthodontics at Lakewood Ranch"},"image":{"@id":"https:\/\/www.segoviaorthodonticslakewoodranch.com\/#\/schema\/logo\/image\/"},"sameAs":["https:\/\/www.facebook.com\/people\/Segovia-Orthodontics-At-Lakewood-Ranch\/61572006943430\/","https:\/\/www.instagram.com\/segovia.orthodontics.lwr\/"]}]}},"_links":{"self":[{"href":"https:\/\/www.segoviaorthodonticslakewoodranch.com\/es\/wp-json\/wp\/v2\/pages\/5946","targetHints":{"allow":["GET"]}}],"collection":[{"href":"https:\/\/www.segoviaorthodonticslakewoodranch.com\/es\/wp-json\/wp\/v2\/pages"}],"about":[{"href":"https:\/\/www.segoviaorthodonticslakewoodranch.com\/es\/wp-json\/wp\/v2\/types\/page"}],"author":[{"embeddable":true,"href":"https:\/\/www.segoviaorthodonticslakewoodranch.com\/es\/wp-json\/wp\/v2\/users\/4"}],"replies":[{"embeddable":true,"href":"https:\/\/www.segoviaorthodonticslakewoodranch.com\/es\/wp-json\/wp\/v2\/comments?post=5946"}],"version-history":[{"count":5,"href":"https:\/\/www.segoviaorthodonticslakewoodranch.com\/es\/wp-json\/wp\/v2\/pages\/5946\/revisions"}],"predecessor-version":[{"id":6639,"href":"https:\/\/www.segoviaorthodonticslakewoodranch.com\/es\/wp-json\/wp\/v2\/pages\/5946\/revisions\/6639"}],"wp:featuredmedia":[{"embeddable":true,"href":"https:\/\/www.segoviaorthodonticslakewoodranch.com\/es\/wp-json\/wp\/v2\/media\/6150"}],"wp:attachment":[{"href":"https:\/\/www.segoviaorthodonticslakewoodranch.com\/es\/wp-json\/wp\/v2\/media?parent=5946"}],"curies":[{"name":"wp","href":"https:\/\/api.w.org\/{rel}","templated":true}]}}