{"id":5962,"date":"2022-11-17T20:30:58","date_gmt":"2022-11-17T20:30:58","guid":{"rendered":"https:\/\/segoviaorthodonticslakewoodranch.com\/financiacion-facil\/"},"modified":"2025-01-28T14:56:42","modified_gmt":"2025-01-28T14:56:42","slug":"financiacion-facil","status":"publish","type":"page","link":"https:\/\/www.segoviaorthodonticslakewoodranch.com\/es\/financiacion-facil\/","title":{"rendered":"financiamiento"},"content":{"rendered":"\t\t<div data-elementor-type=\"wp-page\" data-elementor-id=\"5962\" class=\"elementor elementor-5962 elementor-3361\" data-elementor-post-type=\"page\">\n\t\t\t\t<div data-particle_enable=\"false\" data-particle-mobile-disabled=\"false\" class=\"elementor-element elementor-element-bac5c8c e-flex e-con-boxed e-con e-parent\" data-id=\"bac5c8c\" data-element_type=\"container\">\n\t\t\t\t\t<div class=\"e-con-inner\">\n\t\t\t\t<div class=\"elementor-element elementor-element-f9ff0c9 elementor-widget elementor-widget-text-editor\" data-id=\"f9ff0c9\" data-element_type=\"widget\" data-widget_type=\"text-editor.default\">\n\t\t\t\t<div class=\"elementor-widget-container\">\n\t\t\t\t\t\t\t\t\t<h2>Opciones de pago flexibles<\/h2>\n<p>En la Ortodoncia Segovia de Lakewood Ranch, creemos que todo el mundo merece tener acceso a una sonrisa sana y segura. Para que tu tratamiento de ortodoncia sea lo menos estresante posible, ofrecemos una variedad de opciones de pago adaptadas a tus necesidades: <\/p>\n<ul>\n<li><strong>Pago completo de cortes\u00eda<\/strong>: Aprovecha el ahorro pagando la totalidad al inicio del tratamiento.<\/li>\n<li><strong>Financiaci\u00f3n sin intereses<\/strong>: Planes flexibles dise\u00f1ados para ajustarse a tu presupuesto, que ofrecen pagos mensuales manejables sin intereses a\u00f1adidos.<\/li>\n<li><strong>Cortes\u00eda para miembros de varias familias<\/strong>: Disfruta de descuentos especiales cuando varios miembros de tu familia reciben tratamiento con nosotros.<\/li>\n<li><strong>Financiaci\u00f3n de terceros<\/strong>: Accede a opciones de financiaci\u00f3n adicionales a trav\u00e9s de proveedores externos de confianza para que los pagos sean a\u00fan m\u00e1s c\u00f3modos.<\/li>\n<\/ul>\n<p>Durante tu <a href=\"https:\/\/segoviaorthodonticslakewoodranch.com\/es\/pide-una-cita\/\">consulta<\/a> gratuita, revisaremos todas las opciones financieras disponibles para ti y te ayudaremos a elegir la que mejor se adapte a tus necesidades. Nuestro objetivo es ofrecerte una ortodoncia excepcional que se adapte c\u00f3modamente a tu presupuesto y que, al mismo tiempo, te proporcione unos resultados extraordinarios. <\/p>\n<h2>M\u00e9todos de pago c\u00f3modos<\/h2>\n<p>Sabemos que la vida puede ser ajetreada, por eso hemos simplificado al m\u00e1ximo el pago de tu tratamiento. Nuestra consulta ofrece giros autom\u00e1ticos desde cuentas corrientes o tarjetas de cr\u00e9dito, para que nunca tengas que preocuparte por dejar de pagar. <\/p>\n<h3>Paga en l\u00ednea f\u00e1cilmente<\/h3>\n<p>Ponemos a tu disposici\u00f3n un portal de pago seguro en l\u00ednea para tu comodidad, que te permite realizar pagos en cualquier momento y lugar. S\u00f3lo tienes que iniciar sesi\u00f3n, elegir el m\u00e9todo de pago y completar la transacci\u00f3n con unos pocos clics para disfrutar de una experiencia sin problemas. <\/p>\n\t\t\t\t\t\t\t\t<\/div>\n\t\t\t\t<\/div>\n\t\t\t\t<div class=\"elementor-element elementor-element-f007759 elementor-widget elementor-widget-button\" data-id=\"f007759\" data-element_type=\"widget\" data-widget_type=\"button.default\">\n\t\t\t\t<div class=\"elementor-widget-container\">\n\t\t\t\t\t\t\t\t\t<div class=\"elementor-button-wrapper\">\n\t\t\t\t\t<a class=\"elementor-button elementor-size-sm\" role=\"button\">\n\t\t\t\t\t\t<span class=\"elementor-button-content-wrapper\">\n\t\t\t\t\t\t\t\t\t<span class=\"elementor-button-text\">Pagar en l\u00ednea<\/span>\n\t\t\t\t\t<\/span>\n\t\t\t\t\t<\/a>\n\t\t\t\t<\/div>\n\t\t\t\t\t\t\t\t<\/div>\n\t\t\t\t<\/div>\n\t\t\t\t<div class=\"elementor-element elementor-element-dcaf8bf elementor-widget elementor-widget-text-editor\" data-id=\"dcaf8bf\" data-element_type=\"widget\" data-widget_type=\"text-editor.default\">\n\t\t\t\t<div class=\"elementor-widget-container\">\n\t\t\t\t\t\t\t\t\t<h2>\u00bfQu\u00e9 incluye la tarifa de tu tratamiento?<\/h2>\n<p>Tu inversi\u00f3n en una sonrisa m\u00e1s sana y bella abarca una amplia gama de servicios, que garantizan que recibas la mejor atenci\u00f3n posible:<\/p>\n<ul>\n<li>Registros detallados y radiograf\u00edas para planificar tu tratamiento con precisi\u00f3n.<\/li>\n<li>Planificaci\u00f3n personalizada del tratamiento para satisfacer tus necesidades y objetivos \u00fanicos.<\/li>\n<li>Todos los aparatos son necesarios para conseguir resultados \u00f3ptimos.<\/li>\n<li>Visitas rutinarias de ortodoncia en horario de consulta para controlar tus progresos.<\/li>\n<li>Visitas de <a href=\"https:\/\/segoviaorthodonticslakewoodranch.com\/es\/atencion-de-urgencias\/\">urgencia<\/a> r\u00e1pidas en horario normal para problemas imprevistos.<\/li>\n<li>Uno o dos juegos de <a href=\"https:\/\/segoviaorthodonticslakewoodranch.com\/es\/retenedores-de-ortodoncia\/\">retenedores<\/a> para mantener tu sonrisa perfecta despu\u00e9s del tratamiento.<\/li>\n<li>Visitas de seguimiento de retenci\u00f3n durante un a\u00f1o completo para garantizar resultados duraderos.<\/li>\n<\/ul>\n<p>Estamos comprometidos con la transparencia, para que siempre sepas qu\u00e9 esperar. Desde la <a href=\"https:\/\/segoviaorthodonticslakewoodranch.com\/es\/primera-visita\/\">primera visita<\/a> hasta el resultado final, nuestro objetivo es que tu viaje ortod\u00f3ncico sea sencillo, asequible y gratificante. <\/p>\n\t\t\t\t\t\t\t\t<\/div>\n\t\t\t\t<\/div>\n\t\t\t\t\t<\/div>\n\t\t\t\t<\/div>\n\t\t\t\t<\/div>\n\t\t","protected":false},"excerpt":{"rendered":"<p>Opciones de pago flexibles En la Ortodoncia Segovia de Lakewood Ranch, creemos que todo el mundo merece tener acceso a una sonrisa sana y segura. Para que tu tratamiento de ortodoncia sea lo menos estresante posible, ofrecemos una variedad de opciones de pago adaptadas a tus necesidades: Pago completo de cortes\u00eda: Aprovecha el ahorro pagando la totalidad al [&hellip;]<\/p>\n","protected":false},"author":4,"featured_media":6057,"parent":0,"menu_order":30,"comment_status":"closed","ping_status":"closed","template":"","meta":{"_acf_changed":false,"iawp_total_views":1,"footnotes":"","_yoast_wpseo_focuskw":"","_yoast_wpseo_metadesc":"","_yoast_wpseo_linkdex":"","_yoast_wpseo_content_score":"","rank_math_focus_keyword":"","rank_math_description":"","rank_math_seo_score":""},"class_list":["post-5962","page","type-page","status-publish","has-post-thumbnail","hentry"],"acf":[],"yoast_head":"<!-- This site is optimized with the Yoast SEO plugin v27.0 - https:\/\/yoast.com\/product\/yoast-seo-wordpress\/ -->\n<title>financiamiento - Segovia Orthodontics<\/title>\n<meta name=\"robots\" content=\"index, follow, max-snippet:-1, max-image-preview:large, max-video-preview:-1\" \/>\n<link rel=\"canonical\" href=\"https:\/\/www.segoviaorthodonticslakewoodranch.com\/es\/financiacion-facil\/\" \/>\n<meta property=\"og:locale\" content=\"es_ES\" \/>\n<meta property=\"og:type\" content=\"article\" \/>\n<meta property=\"og:title\" content=\"financiamiento - Segovia Orthodontics\" \/>\n<meta property=\"og:description\" content=\"Opciones de pago flexibles En la Ortodoncia Segovia de Lakewood Ranch, creemos que todo el mundo merece tener acceso a una sonrisa sana y segura. Para que tu tratamiento de ortodoncia sea lo menos estresante posible, ofrecemos una variedad de opciones de pago adaptadas a tus necesidades: Pago completo de cortes\u00eda: Aprovecha el ahorro pagando la totalidad al [&hellip;]\" \/>\n<meta property=\"og:url\" content=\"https:\/\/www.segoviaorthodonticslakewoodranch.com\/es\/financiacion-facil\/\" \/>\n<meta property=\"og:site_name\" content=\"Segovia Orthodontics\" \/>\n<meta property=\"article:publisher\" content=\"https:\/\/www.facebook.com\/people\/Segovia-Orthodontics-At-Lakewood-Ranch\/61572006943430\/\" \/>\n<meta property=\"article:modified_time\" content=\"2025-01-28T14:56:42+00:00\" \/>\n<meta property=\"og:image\" content=\"https:\/\/www.segoviaorthodonticslakewoodranch.com\/wp-content\/uploads\/2025\/01\/page-photo-orthodontic-financing.png\" \/>\n\t<meta property=\"og:image:width\" content=\"500\" \/>\n\t<meta property=\"og:image:height\" content=\"500\" \/>\n\t<meta property=\"og:image:type\" content=\"image\/png\" \/>\n<meta name=\"twitter:card\" content=\"summary_large_image\" \/>\n<meta name=\"twitter:label1\" content=\"Tiempo de lectura\" \/>\n\t<meta name=\"twitter:data1\" content=\"2 minutos\" \/>\n<script type=\"application\/ld+json\" class=\"yoast-schema-graph\">{\"@context\":\"https:\/\/schema.org\",\"@graph\":[{\"@type\":\"WebPage\",\"@id\":\"https:\/\/www.segoviaorthodonticslakewoodranch.com\/es\/financiacion-facil\/\",\"url\":\"https:\/\/www.segoviaorthodonticslakewoodranch.com\/es\/financiacion-facil\/\",\"name\":\"financiamiento - Segovia Orthodontics\",\"isPartOf\":{\"@id\":\"https:\/\/www.segoviaorthodonticslakewoodranch.com\/#website\"},\"primaryImageOfPage\":{\"@id\":\"https:\/\/www.segoviaorthodonticslakewoodranch.com\/es\/financiacion-facil\/#primaryimage\"},\"image\":{\"@id\":\"https:\/\/www.segoviaorthodonticslakewoodranch.com\/es\/financiacion-facil\/#primaryimage\"},\"thumbnailUrl\":\"https:\/\/www.segoviaorthodonticslakewoodranch.com\/wp-content\/uploads\/2025\/01\/page-photo-orthodontic-financing.png\",\"datePublished\":\"2022-11-17T20:30:58+00:00\",\"dateModified\":\"2025-01-28T14:56:42+00:00\",\"breadcrumb\":{\"@id\":\"https:\/\/www.segoviaorthodonticslakewoodranch.com\/es\/financiacion-facil\/#breadcrumb\"},\"inLanguage\":\"es\",\"potentialAction\":[{\"@type\":\"ReadAction\",\"target\":[\"https:\/\/www.segoviaorthodonticslakewoodranch.com\/es\/financiacion-facil\/\"]}]},{\"@type\":\"ImageObject\",\"inLanguage\":\"es\",\"@id\":\"https:\/\/www.segoviaorthodonticslakewoodranch.com\/es\/financiacion-facil\/#primaryimage\",\"url\":\"https:\/\/www.segoviaorthodonticslakewoodranch.com\/wp-content\/uploads\/2025\/01\/page-photo-orthodontic-financing.png\",\"contentUrl\":\"https:\/\/www.segoviaorthodonticslakewoodranch.com\/wp-content\/uploads\/2025\/01\/page-photo-orthodontic-financing.png\",\"width\":500,\"height\":500,\"caption\":\"Segovia Orthodontics at Lakewood Ranch, FL\"},{\"@type\":\"BreadcrumbList\",\"@id\":\"https:\/\/www.segoviaorthodonticslakewoodranch.com\/es\/financiacion-facil\/#breadcrumb\",\"itemListElement\":[{\"@type\":\"ListItem\",\"position\":1,\"name\":\"Home\",\"item\":\"https:\/\/www.segoviaorthodonticslakewoodranch.com\/es\/\"},{\"@type\":\"ListItem\",\"position\":2,\"name\":\"financiamiento\"}]},{\"@type\":\"WebSite\",\"@id\":\"https:\/\/www.segoviaorthodonticslakewoodranch.com\/#website\",\"url\":\"https:\/\/www.segoviaorthodonticslakewoodranch.com\/\",\"name\":\"Segovia Orthodontics at Lakewood Ranch\",\"description\":\"Top Orthodontist Lakewood Ranch FL 34202 | Segovia Orthodontics at Lakewood Ranch\",\"publisher\":{\"@id\":\"https:\/\/www.segoviaorthodonticslakewoodranch.com\/#organization\"},\"potentialAction\":[{\"@type\":\"SearchAction\",\"target\":{\"@type\":\"EntryPoint\",\"urlTemplate\":\"https:\/\/www.segoviaorthodonticslakewoodranch.com\/?s={search_term_string}\"},\"query-input\":{\"@type\":\"PropertyValueSpecification\",\"valueRequired\":true,\"valueName\":\"search_term_string\"}}],\"inLanguage\":\"es\"},{\"@type\":\"Organization\",\"@id\":\"https:\/\/www.segoviaorthodonticslakewoodranch.com\/#organization\",\"name\":\"Segovia Orthodontics at Lakewood Ranch\",\"url\":\"https:\/\/www.segoviaorthodonticslakewoodranch.com\/\",\"logo\":{\"@type\":\"ImageObject\",\"inLanguage\":\"es\",\"@id\":\"https:\/\/www.segoviaorthodonticslakewoodranch.com\/#\/schema\/logo\/image\/\",\"url\":\"https:\/\/www.segoviaorthodonticslakewoodranch.com\/wp-content\/uploads\/2022\/03\/SegoviaOrtho_horizon_version.png\",\"contentUrl\":\"https:\/\/www.segoviaorthodonticslakewoodranch.com\/wp-content\/uploads\/2022\/03\/SegoviaOrtho_horizon_version.png\",\"width\":1920,\"height\":511,\"caption\":\"Segovia Orthodontics at Lakewood Ranch\"},\"image\":{\"@id\":\"https:\/\/www.segoviaorthodonticslakewoodranch.com\/#\/schema\/logo\/image\/\"},\"sameAs\":[\"https:\/\/www.facebook.com\/people\/Segovia-Orthodontics-At-Lakewood-Ranch\/61572006943430\/\",\"https:\/\/www.instagram.com\/segovia.orthodontics.lwr\/\"]}]}<\/script>\n<!-- \/ Yoast SEO plugin. -->","yoast_head_json":{"title":"financiamiento - Segovia Orthodontics","robots":{"index":"index","follow":"follow","max-snippet":"max-snippet:-1","max-image-preview":"max-image-preview:large","max-video-preview":"max-video-preview:-1"},"canonical":"https:\/\/www.segoviaorthodonticslakewoodranch.com\/es\/financiacion-facil\/","og_locale":"es_ES","og_type":"article","og_title":"financiamiento - Segovia Orthodontics","og_description":"Opciones de pago flexibles En la Ortodoncia Segovia de Lakewood Ranch, creemos que todo el mundo merece tener acceso a una sonrisa sana y segura. Para que tu tratamiento de ortodoncia sea lo menos estresante posible, ofrecemos una variedad de opciones de pago adaptadas a tus necesidades: Pago completo de cortes\u00eda: Aprovecha el ahorro pagando la totalidad al [&hellip;]","og_url":"https:\/\/www.segoviaorthodonticslakewoodranch.com\/es\/financiacion-facil\/","og_site_name":"Segovia Orthodontics","article_publisher":"https:\/\/www.facebook.com\/people\/Segovia-Orthodontics-At-Lakewood-Ranch\/61572006943430\/","article_modified_time":"2025-01-28T14:56:42+00:00","og_image":[{"width":500,"height":500,"url":"https:\/\/www.segoviaorthodonticslakewoodranch.com\/wp-content\/uploads\/2025\/01\/page-photo-orthodontic-financing.png","type":"image\/png"}],"twitter_card":"summary_large_image","twitter_misc":{"Tiempo de lectura":"2 minutos"},"schema":{"@context":"https:\/\/schema.org","@graph":[{"@type":"WebPage","@id":"https:\/\/www.segoviaorthodonticslakewoodranch.com\/es\/financiacion-facil\/","url":"https:\/\/www.segoviaorthodonticslakewoodranch.com\/es\/financiacion-facil\/","name":"financiamiento - Segovia Orthodontics","isPartOf":{"@id":"https:\/\/www.segoviaorthodonticslakewoodranch.com\/#website"},"primaryImageOfPage":{"@id":"https:\/\/www.segoviaorthodonticslakewoodranch.com\/es\/financiacion-facil\/#primaryimage"},"image":{"@id":"https:\/\/www.segoviaorthodonticslakewoodranch.com\/es\/financiacion-facil\/#primaryimage"},"thumbnailUrl":"https:\/\/www.segoviaorthodonticslakewoodranch.com\/wp-content\/uploads\/2025\/01\/page-photo-orthodontic-financing.png","datePublished":"2022-11-17T20:30:58+00:00","dateModified":"2025-01-28T14:56:42+00:00","breadcrumb":{"@id":"https:\/\/www.segoviaorthodonticslakewoodranch.com\/es\/financiacion-facil\/#breadcrumb"},"inLanguage":"es","potentialAction":[{"@type":"ReadAction","target":["https:\/\/www.segoviaorthodonticslakewoodranch.com\/es\/financiacion-facil\/"]}]},{"@type":"ImageObject","inLanguage":"es","@id":"https:\/\/www.segoviaorthodonticslakewoodranch.com\/es\/financiacion-facil\/#primaryimage","url":"https:\/\/www.segoviaorthodonticslakewoodranch.com\/wp-content\/uploads\/2025\/01\/page-photo-orthodontic-financing.png","contentUrl":"https:\/\/www.segoviaorthodonticslakewoodranch.com\/wp-content\/uploads\/2025\/01\/page-photo-orthodontic-financing.png","width":500,"height":500,"caption":"Segovia Orthodontics at Lakewood Ranch, FL"},{"@type":"BreadcrumbList","@id":"https:\/\/www.segoviaorthodonticslakewoodranch.com\/es\/financiacion-facil\/#breadcrumb","itemListElement":[{"@type":"ListItem","position":1,"name":"Home","item":"https:\/\/www.segoviaorthodonticslakewoodranch.com\/es\/"},{"@type":"ListItem","position":2,"name":"financiamiento"}]},{"@type":"WebSite","@id":"https:\/\/www.segoviaorthodonticslakewoodranch.com\/#website","url":"https:\/\/www.segoviaorthodonticslakewoodranch.com\/","name":"Segovia Orthodontics at Lakewood Ranch","description":"Top Orthodontist Lakewood Ranch FL 34202 | Segovia Orthodontics at Lakewood Ranch","publisher":{"@id":"https:\/\/www.segoviaorthodonticslakewoodranch.com\/#organization"},"potentialAction":[{"@type":"SearchAction","target":{"@type":"EntryPoint","urlTemplate":"https:\/\/www.segoviaorthodonticslakewoodranch.com\/?s={search_term_string}"},"query-input":{"@type":"PropertyValueSpecification","valueRequired":true,"valueName":"search_term_string"}}],"inLanguage":"es"},{"@type":"Organization","@id":"https:\/\/www.segoviaorthodonticslakewoodranch.com\/#organization","name":"Segovia Orthodontics at Lakewood Ranch","url":"https:\/\/www.segoviaorthodonticslakewoodranch.com\/","logo":{"@type":"ImageObject","inLanguage":"es","@id":"https:\/\/www.segoviaorthodonticslakewoodranch.com\/#\/schema\/logo\/image\/","url":"https:\/\/www.segoviaorthodonticslakewoodranch.com\/wp-content\/uploads\/2022\/03\/SegoviaOrtho_horizon_version.png","contentUrl":"https:\/\/www.segoviaorthodonticslakewoodranch.com\/wp-content\/uploads\/2022\/03\/SegoviaOrtho_horizon_version.png","width":1920,"height":511,"caption":"Segovia Orthodontics at Lakewood Ranch"},"image":{"@id":"https:\/\/www.segoviaorthodonticslakewoodranch.com\/#\/schema\/logo\/image\/"},"sameAs":["https:\/\/www.facebook.com\/people\/Segovia-Orthodontics-At-Lakewood-Ranch\/61572006943430\/","https:\/\/www.instagram.com\/segovia.orthodontics.lwr\/"]}]}},"_links":{"self":[{"href":"https:\/\/www.segoviaorthodonticslakewoodranch.com\/es\/wp-json\/wp\/v2\/pages\/5962","targetHints":{"allow":["GET"]}}],"collection":[{"href":"https:\/\/www.segoviaorthodonticslakewoodranch.com\/es\/wp-json\/wp\/v2\/pages"}],"about":[{"href":"https:\/\/www.segoviaorthodonticslakewoodranch.com\/es\/wp-json\/wp\/v2\/types\/page"}],"author":[{"embeddable":true,"href":"https:\/\/www.segoviaorthodonticslakewoodranch.com\/es\/wp-json\/wp\/v2\/users\/4"}],"replies":[{"embeddable":true,"href":"https:\/\/www.segoviaorthodonticslakewoodranch.com\/es\/wp-json\/wp\/v2\/comments?post=5962"}],"version-history":[{"count":12,"href":"https:\/\/www.segoviaorthodonticslakewoodranch.com\/es\/wp-json\/wp\/v2\/pages\/5962\/revisions"}],"predecessor-version":[{"id":6645,"href":"https:\/\/www.segoviaorthodonticslakewoodranch.com\/es\/wp-json\/wp\/v2\/pages\/5962\/revisions\/6645"}],"wp:featuredmedia":[{"embeddable":true,"href":"https:\/\/www.segoviaorthodonticslakewoodranch.com\/es\/wp-json\/wp\/v2\/media\/6057"}],"wp:attachment":[{"href":"https:\/\/www.segoviaorthodonticslakewoodranch.com\/es\/wp-json\/wp\/v2\/media?parent=5962"}],"curies":[{"name":"wp","href":"https:\/\/api.w.org\/{rel}","templated":true}]}}