{"id":5974,"date":"2017-04-28T01:33:48","date_gmt":"2017-04-28T01:33:48","guid":{"rendered":"https:\/\/segoviaorthodonticslakewoodranch.com\/ortodoncia-para-adultos\/"},"modified":"2025-01-27T04:43:26","modified_gmt":"2025-01-27T04:43:26","slug":"ortodoncia-para-adultos","status":"publish","type":"page","link":"https:\/\/www.segoviaorthodonticslakewoodranch.com\/es\/ortodoncia-para-adultos\/","title":{"rendered":"Ortodoncia para adultos"},"content":{"rendered":"\t\t<div data-elementor-type=\"wp-page\" data-elementor-id=\"5974\" class=\"elementor elementor-5974 elementor-3078\" data-elementor-post-type=\"page\">\n\t\t\t\t\t\t<section data-particle_enable=\"false\" data-particle-mobile-disabled=\"false\" class=\"elementor-section elementor-top-section elementor-element elementor-element-4a1432a6 elementor-section-boxed elementor-section-height-default elementor-section-height-default\" data-id=\"4a1432a6\" data-element_type=\"section\">\n\t\t\t\t\t\t<div class=\"elementor-container elementor-column-gap-default\">\n\t\t\t\t\t<div class=\"elementor-column elementor-col-100 elementor-top-column elementor-element elementor-element-5fb35f01\" data-id=\"5fb35f01\" data-element_type=\"column\">\n\t\t\t<div class=\"elementor-widget-wrap elementor-element-populated\">\n\t\t\t\t\t\t<div class=\"elementor-element elementor-element-20f359cc elementor-widget elementor-widget-text-editor\" data-id=\"20f359cc\" data-element_type=\"widget\" data-widget_type=\"text-editor.default\">\n\t\t\t\t<div class=\"elementor-widget-container\">\n\t\t\t\t\t\t\t\t\t<section class=\"elementor-section elementor-top-section elementor-element elementor-element-a18dd7e elementor-section-boxed elementor-section-height-default elementor-section-height-default\" data-id=\"a18dd7e\" data-element_type=\"section\"><div class=\"elementor-container elementor-column-gap-default\"><div class=\"elementor-column elementor-col-100 elementor-top-column elementor-element elementor-element-4adb018a\" data-id=\"4adb018a\" data-element_type=\"column\"><div class=\"elementor-widget-wrap elementor-element-populated\"><div class=\"elementor-element elementor-element-2240f0b0 elementor-widget elementor-widget-text-editor\" data-id=\"2240f0b0\" data-element_type=\"widget\" data-widget_type=\"text-editor.default\"><div class=\"elementor-widget-container\"><section class=\"elementor-section elementor-top-section elementor-element elementor-element-a18dd7e elementor-section-boxed elementor-section-height-default elementor-section-height-default\" data-id=\"a18dd7e\" data-element_type=\"section\"><div class=\"elementor-container elementor-column-gap-default\"><div class=\"elementor-column elementor-col-100 elementor-top-column elementor-element elementor-element-4adb018a\" data-id=\"4adb018a\" data-element_type=\"column\"><div class=\"elementor-widget-wrap elementor-element-populated\"><div class=\"elementor-element elementor-element-2240f0b0 elementor-widget elementor-widget-text-editor\" data-id=\"2240f0b0\" data-element_type=\"widget\" data-widget_type=\"text-editor.default\"><div class=\"elementor-widget-container\"><p>El tratamiento de ortodoncia ya no es s\u00f3lo para <a href=\"https:\/\/segoviaorthodonticslakewoodranch.com\/es\/ortodoncia-en-adolescentes\/\">adolescentes<\/a>. Seg\u00fan la Asociaci\u00f3n Americana de Ortodoncistas, uno de cada cinco pacientes de ortodoncia tiene m\u00e1s de 21 a\u00f1os. Muchos adultos de Lakewood Ranch, FL, buscan ahora atenci\u00f3n ortodontica para mejorar su salud dental y realzar su aspecto.<\/p><p>Con los modernos avances en ortodoncia, nunca ha habido un momento mejor para conseguir la sonrisa que siempre has deseado. Deja que te ayudemos a convertirte en tu mejor yo con una sonrisa que refleje tu confianza.<\/p><h2>Por qu\u00e9 los adultos consideran el tratamiento de ortodoncia en Lakewood Ranch, FL<\/h2><p>Los adultos suelen buscar tratamiento de ortodoncia por diversas razones, entre ellas:<\/p><ul><li><strong>Una mala mordida o maloclusi\u00f3n<\/strong>: Los dientes que no encajan correctamente pueden afectar a tu mordida y a tu salud bucodental general.<\/li><li><strong>Api\u00f1amiento o espacios entre los dientes<\/strong>: Los dientes torcidos o los espacios entre los dientes pueden aumentar el riesgo de caries y enfermedad de las enc\u00edas.<\/li><li><strong>Relapso ortodontico<\/strong>: Desalineaci\u00f3n menor tras un tratamiento de ortodoncia satisfactorio en el pasado.<\/li><li><strong>El deseo de tener una boca m\u00e1s sana y una sonrisa m\u00e1s segura<\/strong>: Muchos adultos se someten a un tratamiento de ortodoncia para mejorar tanto la funci\u00f3n como el aspecto.<\/li><\/ul><h2>Opciones de tratamiento para adultos<\/h2><p>Para algunos adultos, la idea de llevar aparatos met\u00e1licos tradicionales puede resultar intimidante. Sin embargo, los tratamientos de ortodoncia actuales ofrecen una serie de opciones c\u00f3modas y discretas. Entre ellas se incluyen:<\/p><ul><li><a href=\"https:\/\/segoviaorthodonticslakewoodranch.com\/es\/alineadores-transparentes\/\"><strong>Alineadores transparentes<\/strong><\/a>: Alineadores extra\u00edbles pr\u00e1cticamente invisibles.<\/li><li><a href=\"https:\/\/segoviaorthodonticslakewoodranch.com\/es\/tipos-de-ortodoncia\/\"><strong>Ortodoncia transparente<\/strong><\/a>: Una opci\u00f3n m\u00e1s est\u00e9tica que la ortodoncia met\u00e1lica tradicional, que combina bien con el color natural de tus dientes.<\/li><li><a href=\"https:\/\/segoviaorthodonticslakewoodranch.com\/es\/tipos-de-ortodoncia\/\"><strong>Brackets met\u00e1licos tradicionales<\/strong><\/a>: Probados y eficaces, los aparatos met\u00e1licos tradicionales siguen siendo una opci\u00f3n fiable para muchos pacientes.<\/li><\/ul><h2>\u00bfPor qu\u00e9 deber\u00edas empezar tu tratamiento de ortodoncia?<\/h2><ul><li>Los <strong>dientes rectos son dientes sanos<\/strong>: Los dientes bien alineados son m\u00e1s f\u00e1ciles de limpiar, lo que reduce el riesgo de caries y enfermedades de las enc\u00edas.<\/li><li><strong>Una sonrisa bonita aumenta la confianza<\/strong>: El tratamiento de ortodoncia puede mejorar tu autoestima, permiti\u00e9ndote sonre\u00edr con libertad y confianza.<\/li><li><strong>Los problemas no tratados pueden empeorar con<\/strong> el tiempo: No tratar los problemas de ortodoncia cuando es necesario puede provocar problemas de salud m\u00e1s graves y mayores gastos en el futuro.<\/li><\/ul><p>Para saber m\u00e1s sobre c\u00f3mo puede beneficiarte la ortodoncia para adultos, <a href=\"https:\/\/segoviaorthodonticslakewoodranch.com\/orthodontist-braces-clear-aligners\/\">ponte en contacto con nuestra consulta<\/a> hoy mismo para programar una <a href=\"https:\/\/segoviaorthodonticslakewoodranch.com\/es\/pide-una-cita\/\">consulta<\/a> gratuita con <a href=\"https:\/\/segoviaorthodonticslakewoodranch.com\/es\/conoce-al-dr-segovia\/\">la Dra. Flora Segovia.<\/a> Entendemos que la vida puede ser ajetreada, por lo que nos esforzamos para que cada visita sea lo m\u00e1s c\u00f3moda y eficaz posible. D\u00e9janos guiarte en el camino hacia una sonrisa m\u00e1s sana y segura.<\/p><\/div><\/div><\/div><\/div><\/div><\/section><\/div><\/div><\/div><\/div><\/div><\/section>\t\t\t\t\t\t\t\t<\/div>\n\t\t\t\t<\/div>\n\t\t\t\t\t<\/div>\n\t\t<\/div>\n\t\t\t\t\t<\/div>\n\t\t<\/section>\n\t\t\t\t<\/div>\n\t\t","protected":false},"excerpt":{"rendered":"<p>El tratamiento de ortodoncia ya no es s\u00f3lo para adolescentes. Seg\u00fan la Asociaci\u00f3n Americana de Ortodoncistas, uno de cada cinco pacientes de ortodoncia tiene m\u00e1s de 21 a\u00f1os. Muchos adultos de Lakewood Ranch, FL, buscan ahora atenci\u00f3n ortodontica para mejorar su salud dental y realzar su aspecto. Con los modernos avances en ortodoncia, nunca ha habido un momento [&hellip;]<\/p>\n","protected":false},"author":4,"featured_media":6090,"parent":0,"menu_order":55,"comment_status":"closed","ping_status":"closed","template":"","meta":{"_acf_changed":false,"iawp_total_views":2,"footnotes":"","_yoast_wpseo_focuskw":"","_yoast_wpseo_metadesc":"[Practice Name]  ofrece tratamiento de ortodoncia para adultos en [Ciudad, ST] al servicio de  [surrounding areas]","_yoast_wpseo_linkdex":"","_yoast_wpseo_content_score":"","rank_math_focus_keyword":"","rank_math_description":"","rank_math_seo_score":""},"class_list":["post-5974","page","type-page","status-publish","has-post-thumbnail","hentry"],"acf":[],"yoast_head":"<!-- This site is optimized with the Yoast SEO plugin v27.0 - https:\/\/yoast.com\/product\/yoast-seo-wordpress\/ -->\n<title>Ortodoncia para adultos [Ciudad, ST] | [Business Name]<\/title>\n<meta name=\"description\" content=\"[Practice Name] ofrece tratamiento de ortodoncia para adultos en [Ciudad, ST] al servicio de [surrounding areas]\" \/>\n<meta name=\"robots\" content=\"index, follow, max-snippet:-1, max-image-preview:large, max-video-preview:-1\" \/>\n<link rel=\"canonical\" href=\"https:\/\/www.segoviaorthodonticslakewoodranch.com\/es\/ortodoncia-para-adultos\/\" \/>\n<meta property=\"og:locale\" content=\"es_ES\" \/>\n<meta property=\"og:type\" content=\"article\" \/>\n<meta property=\"og:title\" content=\"Ortodoncia para adultos [Ciudad, ST] | [Business Name]\" \/>\n<meta property=\"og:description\" content=\"[Practice Name] ofrece tratamiento de ortodoncia para adultos en [Ciudad, ST] al servicio de [surrounding areas]\" \/>\n<meta property=\"og:url\" content=\"https:\/\/www.segoviaorthodonticslakewoodranch.com\/es\/ortodoncia-para-adultos\/\" \/>\n<meta property=\"og:site_name\" content=\"Segovia Orthodontics\" \/>\n<meta property=\"article:publisher\" content=\"https:\/\/www.facebook.com\/people\/Segovia-Orthodontics-At-Lakewood-Ranch\/61572006943430\/\" \/>\n<meta property=\"article:modified_time\" content=\"2025-01-27T04:43:26+00:00\" \/>\n<meta property=\"og:image\" content=\"https:\/\/www.segoviaorthodonticslakewoodranch.com\/wp-content\/uploads\/2025\/01\/page-photo-adult-orthodontics.png\" \/>\n\t<meta property=\"og:image:width\" content=\"500\" \/>\n\t<meta property=\"og:image:height\" content=\"500\" \/>\n\t<meta property=\"og:image:type\" content=\"image\/png\" \/>\n<meta name=\"twitter:card\" content=\"summary_large_image\" \/>\n<meta name=\"twitter:label1\" content=\"Tiempo de lectura\" \/>\n\t<meta name=\"twitter:data1\" content=\"2 minutos\" \/>\n<script type=\"application\/ld+json\" class=\"yoast-schema-graph\">{\"@context\":\"https:\/\/schema.org\",\"@graph\":[{\"@type\":\"WebPage\",\"@id\":\"https:\/\/www.segoviaorthodonticslakewoodranch.com\/es\/ortodoncia-para-adultos\/\",\"url\":\"https:\/\/www.segoviaorthodonticslakewoodranch.com\/es\/ortodoncia-para-adultos\/\",\"name\":\"Ortodoncia para adultos [Ciudad, ST] | [Business Name]\",\"isPartOf\":{\"@id\":\"https:\/\/www.segoviaorthodonticslakewoodranch.com\/#website\"},\"primaryImageOfPage\":{\"@id\":\"https:\/\/www.segoviaorthodonticslakewoodranch.com\/es\/ortodoncia-para-adultos\/#primaryimage\"},\"image\":{\"@id\":\"https:\/\/www.segoviaorthodonticslakewoodranch.com\/es\/ortodoncia-para-adultos\/#primaryimage\"},\"thumbnailUrl\":\"https:\/\/www.segoviaorthodonticslakewoodranch.com\/wp-content\/uploads\/2025\/01\/page-photo-adult-orthodontics.png\",\"datePublished\":\"2017-04-28T01:33:48+00:00\",\"dateModified\":\"2025-01-27T04:43:26+00:00\",\"description\":\"[Practice Name] ofrece tratamiento de ortodoncia para adultos en [Ciudad, ST] al servicio de [surrounding areas]\",\"breadcrumb\":{\"@id\":\"https:\/\/www.segoviaorthodonticslakewoodranch.com\/es\/ortodoncia-para-adultos\/#breadcrumb\"},\"inLanguage\":\"es\",\"potentialAction\":[{\"@type\":\"ReadAction\",\"target\":[\"https:\/\/www.segoviaorthodonticslakewoodranch.com\/es\/ortodoncia-para-adultos\/\"]}]},{\"@type\":\"ImageObject\",\"inLanguage\":\"es\",\"@id\":\"https:\/\/www.segoviaorthodonticslakewoodranch.com\/es\/ortodoncia-para-adultos\/#primaryimage\",\"url\":\"https:\/\/www.segoviaorthodonticslakewoodranch.com\/wp-content\/uploads\/2025\/01\/page-photo-adult-orthodontics.png\",\"contentUrl\":\"https:\/\/www.segoviaorthodonticslakewoodranch.com\/wp-content\/uploads\/2025\/01\/page-photo-adult-orthodontics.png\",\"width\":500,\"height\":500,\"caption\":\"Adult Orthodontics Segovia Orthodontics at Lakewood Ranch, FL\"},{\"@type\":\"BreadcrumbList\",\"@id\":\"https:\/\/www.segoviaorthodonticslakewoodranch.com\/es\/ortodoncia-para-adultos\/#breadcrumb\",\"itemListElement\":[{\"@type\":\"ListItem\",\"position\":1,\"name\":\"Home\",\"item\":\"https:\/\/www.segoviaorthodonticslakewoodranch.com\/es\/\"},{\"@type\":\"ListItem\",\"position\":2,\"name\":\"Ortodoncia para adultos\"}]},{\"@type\":\"WebSite\",\"@id\":\"https:\/\/www.segoviaorthodonticslakewoodranch.com\/#website\",\"url\":\"https:\/\/www.segoviaorthodonticslakewoodranch.com\/\",\"name\":\"Segovia Orthodontics at Lakewood Ranch\",\"description\":\"Top Orthodontist Lakewood Ranch FL 34202 | Segovia Orthodontics at Lakewood Ranch\",\"publisher\":{\"@id\":\"https:\/\/www.segoviaorthodonticslakewoodranch.com\/#organization\"},\"potentialAction\":[{\"@type\":\"SearchAction\",\"target\":{\"@type\":\"EntryPoint\",\"urlTemplate\":\"https:\/\/www.segoviaorthodonticslakewoodranch.com\/?s={search_term_string}\"},\"query-input\":{\"@type\":\"PropertyValueSpecification\",\"valueRequired\":true,\"valueName\":\"search_term_string\"}}],\"inLanguage\":\"es\"},{\"@type\":\"Organization\",\"@id\":\"https:\/\/www.segoviaorthodonticslakewoodranch.com\/#organization\",\"name\":\"Segovia Orthodontics at Lakewood Ranch\",\"url\":\"https:\/\/www.segoviaorthodonticslakewoodranch.com\/\",\"logo\":{\"@type\":\"ImageObject\",\"inLanguage\":\"es\",\"@id\":\"https:\/\/www.segoviaorthodonticslakewoodranch.com\/#\/schema\/logo\/image\/\",\"url\":\"https:\/\/www.segoviaorthodonticslakewoodranch.com\/wp-content\/uploads\/2022\/03\/SegoviaOrtho_horizon_version.png\",\"contentUrl\":\"https:\/\/www.segoviaorthodonticslakewoodranch.com\/wp-content\/uploads\/2022\/03\/SegoviaOrtho_horizon_version.png\",\"width\":1920,\"height\":511,\"caption\":\"Segovia Orthodontics at Lakewood Ranch\"},\"image\":{\"@id\":\"https:\/\/www.segoviaorthodonticslakewoodranch.com\/#\/schema\/logo\/image\/\"},\"sameAs\":[\"https:\/\/www.facebook.com\/people\/Segovia-Orthodontics-At-Lakewood-Ranch\/61572006943430\/\",\"https:\/\/www.instagram.com\/segovia.orthodontics.lwr\/\"]}]}<\/script>\n<!-- \/ Yoast SEO plugin. -->","yoast_head_json":{"title":"Ortodoncia para adultos [Ciudad, ST] | [Business Name]","description":"[Practice Name] ofrece tratamiento de ortodoncia para adultos en [Ciudad, ST] al servicio de [surrounding areas]","robots":{"index":"index","follow":"follow","max-snippet":"max-snippet:-1","max-image-preview":"max-image-preview:large","max-video-preview":"max-video-preview:-1"},"canonical":"https:\/\/www.segoviaorthodonticslakewoodranch.com\/es\/ortodoncia-para-adultos\/","og_locale":"es_ES","og_type":"article","og_title":"Ortodoncia para adultos [Ciudad, ST] | [Business Name]","og_description":"[Practice Name] ofrece tratamiento de ortodoncia para adultos en [Ciudad, ST] al servicio de [surrounding areas]","og_url":"https:\/\/www.segoviaorthodonticslakewoodranch.com\/es\/ortodoncia-para-adultos\/","og_site_name":"Segovia Orthodontics","article_publisher":"https:\/\/www.facebook.com\/people\/Segovia-Orthodontics-At-Lakewood-Ranch\/61572006943430\/","article_modified_time":"2025-01-27T04:43:26+00:00","og_image":[{"width":500,"height":500,"url":"https:\/\/www.segoviaorthodonticslakewoodranch.com\/wp-content\/uploads\/2025\/01\/page-photo-adult-orthodontics.png","type":"image\/png"}],"twitter_card":"summary_large_image","twitter_misc":{"Tiempo de lectura":"2 minutos"},"schema":{"@context":"https:\/\/schema.org","@graph":[{"@type":"WebPage","@id":"https:\/\/www.segoviaorthodonticslakewoodranch.com\/es\/ortodoncia-para-adultos\/","url":"https:\/\/www.segoviaorthodonticslakewoodranch.com\/es\/ortodoncia-para-adultos\/","name":"Ortodoncia para adultos [Ciudad, ST] | [Business Name]","isPartOf":{"@id":"https:\/\/www.segoviaorthodonticslakewoodranch.com\/#website"},"primaryImageOfPage":{"@id":"https:\/\/www.segoviaorthodonticslakewoodranch.com\/es\/ortodoncia-para-adultos\/#primaryimage"},"image":{"@id":"https:\/\/www.segoviaorthodonticslakewoodranch.com\/es\/ortodoncia-para-adultos\/#primaryimage"},"thumbnailUrl":"https:\/\/www.segoviaorthodonticslakewoodranch.com\/wp-content\/uploads\/2025\/01\/page-photo-adult-orthodontics.png","datePublished":"2017-04-28T01:33:48+00:00","dateModified":"2025-01-27T04:43:26+00:00","description":"[Practice Name] ofrece tratamiento de ortodoncia para adultos en [Ciudad, ST] al servicio de [surrounding areas]","breadcrumb":{"@id":"https:\/\/www.segoviaorthodonticslakewoodranch.com\/es\/ortodoncia-para-adultos\/#breadcrumb"},"inLanguage":"es","potentialAction":[{"@type":"ReadAction","target":["https:\/\/www.segoviaorthodonticslakewoodranch.com\/es\/ortodoncia-para-adultos\/"]}]},{"@type":"ImageObject","inLanguage":"es","@id":"https:\/\/www.segoviaorthodonticslakewoodranch.com\/es\/ortodoncia-para-adultos\/#primaryimage","url":"https:\/\/www.segoviaorthodonticslakewoodranch.com\/wp-content\/uploads\/2025\/01\/page-photo-adult-orthodontics.png","contentUrl":"https:\/\/www.segoviaorthodonticslakewoodranch.com\/wp-content\/uploads\/2025\/01\/page-photo-adult-orthodontics.png","width":500,"height":500,"caption":"Adult Orthodontics Segovia Orthodontics at Lakewood Ranch, FL"},{"@type":"BreadcrumbList","@id":"https:\/\/www.segoviaorthodonticslakewoodranch.com\/es\/ortodoncia-para-adultos\/#breadcrumb","itemListElement":[{"@type":"ListItem","position":1,"name":"Home","item":"https:\/\/www.segoviaorthodonticslakewoodranch.com\/es\/"},{"@type":"ListItem","position":2,"name":"Ortodoncia para adultos"}]},{"@type":"WebSite","@id":"https:\/\/www.segoviaorthodonticslakewoodranch.com\/#website","url":"https:\/\/www.segoviaorthodonticslakewoodranch.com\/","name":"Segovia Orthodontics at Lakewood Ranch","description":"Top Orthodontist Lakewood Ranch FL 34202 | Segovia Orthodontics at Lakewood Ranch","publisher":{"@id":"https:\/\/www.segoviaorthodonticslakewoodranch.com\/#organization"},"potentialAction":[{"@type":"SearchAction","target":{"@type":"EntryPoint","urlTemplate":"https:\/\/www.segoviaorthodonticslakewoodranch.com\/?s={search_term_string}"},"query-input":{"@type":"PropertyValueSpecification","valueRequired":true,"valueName":"search_term_string"}}],"inLanguage":"es"},{"@type":"Organization","@id":"https:\/\/www.segoviaorthodonticslakewoodranch.com\/#organization","name":"Segovia Orthodontics at Lakewood Ranch","url":"https:\/\/www.segoviaorthodonticslakewoodranch.com\/","logo":{"@type":"ImageObject","inLanguage":"es","@id":"https:\/\/www.segoviaorthodonticslakewoodranch.com\/#\/schema\/logo\/image\/","url":"https:\/\/www.segoviaorthodonticslakewoodranch.com\/wp-content\/uploads\/2022\/03\/SegoviaOrtho_horizon_version.png","contentUrl":"https:\/\/www.segoviaorthodonticslakewoodranch.com\/wp-content\/uploads\/2022\/03\/SegoviaOrtho_horizon_version.png","width":1920,"height":511,"caption":"Segovia Orthodontics at Lakewood Ranch"},"image":{"@id":"https:\/\/www.segoviaorthodonticslakewoodranch.com\/#\/schema\/logo\/image\/"},"sameAs":["https:\/\/www.facebook.com\/people\/Segovia-Orthodontics-At-Lakewood-Ranch\/61572006943430\/","https:\/\/www.instagram.com\/segovia.orthodontics.lwr\/"]}]}},"_links":{"self":[{"href":"https:\/\/www.segoviaorthodonticslakewoodranch.com\/es\/wp-json\/wp\/v2\/pages\/5974","targetHints":{"allow":["GET"]}}],"collection":[{"href":"https:\/\/www.segoviaorthodonticslakewoodranch.com\/es\/wp-json\/wp\/v2\/pages"}],"about":[{"href":"https:\/\/www.segoviaorthodonticslakewoodranch.com\/es\/wp-json\/wp\/v2\/types\/page"}],"author":[{"embeddable":true,"href":"https:\/\/www.segoviaorthodonticslakewoodranch.com\/es\/wp-json\/wp\/v2\/users\/4"}],"replies":[{"embeddable":true,"href":"https:\/\/www.segoviaorthodonticslakewoodranch.com\/es\/wp-json\/wp\/v2\/comments?post=5974"}],"version-history":[{"count":6,"href":"https:\/\/www.segoviaorthodonticslakewoodranch.com\/es\/wp-json\/wp\/v2\/pages\/5974\/revisions"}],"predecessor-version":[{"id":6591,"href":"https:\/\/www.segoviaorthodonticslakewoodranch.com\/es\/wp-json\/wp\/v2\/pages\/5974\/revisions\/6591"}],"wp:featuredmedia":[{"embeddable":true,"href":"https:\/\/www.segoviaorthodonticslakewoodranch.com\/es\/wp-json\/wp\/v2\/media\/6090"}],"wp:attachment":[{"href":"https:\/\/www.segoviaorthodonticslakewoodranch.com\/es\/wp-json\/wp\/v2\/media?parent=5974"}],"curies":[{"name":"wp","href":"https:\/\/api.w.org\/{rel}","templated":true}]}}