{"id":5996,"date":"2017-02-06T01:35:10","date_gmt":"2017-02-06T01:35:10","guid":{"rendered":"https:\/\/segoviaorthodonticslakewoodranch.com\/retenedores-de-ortodoncia\/"},"modified":"2025-01-27T05:02:07","modified_gmt":"2025-01-27T05:02:07","slug":"retenedores-de-ortodoncia","status":"publish","type":"page","link":"https:\/\/www.segoviaorthodonticslakewoodranch.com\/es\/retenedores-de-ortodoncia\/","title":{"rendered":"Retenedores de ortodoncia"},"content":{"rendered":"\t\t<div data-elementor-type=\"wp-page\" data-elementor-id=\"5996\" class=\"elementor elementor-5996 elementor-42\" data-elementor-post-type=\"page\">\n\t\t\t\t\t\t<section data-particle_enable=\"false\" data-particle-mobile-disabled=\"false\" class=\"elementor-section elementor-top-section elementor-element elementor-element-64a401e1 elementor-section-boxed elementor-section-height-default elementor-section-height-default\" data-id=\"64a401e1\" data-element_type=\"section\">\n\t\t\t\t\t\t<div class=\"elementor-container elementor-column-gap-default\">\n\t\t\t\t\t<div class=\"elementor-column elementor-col-100 elementor-top-column elementor-element elementor-element-6fe7d140\" data-id=\"6fe7d140\" data-element_type=\"column\">\n\t\t\t<div class=\"elementor-widget-wrap elementor-element-populated\">\n\t\t\t\t\t\t<div class=\"elementor-element elementor-element-1d4493af elementor-widget elementor-widget-text-editor\" data-id=\"1d4493af\" data-element_type=\"widget\" data-widget_type=\"text-editor.default\">\n\t\t\t\t<div class=\"elementor-widget-container\">\n\t\t\t\t\t\t\t\t\t<p>Llevar retenedores despu\u00e9s del tratamiento de ortodoncia es esencial para mantener una sonrisa bonita y alineada. Si sigues las pautas que se indican a continuaci\u00f3n, podr\u00e1s garantizar los beneficios duraderos de tu tratamiento por a\u00f1os.<\/p><h2>\u00bfPor qu\u00e9 son importantes los retenedores?<\/h2><p>Una vez retirados <a href=\"https:\/\/segoviaorthodonticslakewoodranch.com\/es\/tipos-de-ortodoncia\/\">los aparatos<\/a>, los retenedores estabilizan las correcciones dentales mientras tu hueso y tejidos blandos se ajustan. Este proceso de estabilizaci\u00f3n puede durar varios meses. Usar constantemente los retenedores siguiendo las instrucciones ayuda a evitar el movimiento indeseado de los dientes, reduciendo el riesgo de necesitar m\u00e1s tratamiento.<\/p>\t\t\t\t\t\t\t\t<\/div>\n\t\t\t\t<\/div>\n\t\t\t\t<div class=\"elementor-element elementor-element-e9bbe06 elementor-widget elementor-widget-video\" data-id=\"e9bbe06\" data-element_type=\"widget\" data-settings=\"{&quot;youtube_url&quot;:&quot;https:\\\/\\\/youtu.be\\\/5pl9vUFL6ZU&quot;,&quot;video_type&quot;:&quot;youtube&quot;,&quot;controls&quot;:&quot;yes&quot;}\" data-widget_type=\"video.default\">\n\t\t\t\t<div class=\"elementor-widget-container\">\n\t\t\t\t\t\t\t<div class=\"elementor-wrapper elementor-open-inline\">\n\t\t\t<div class=\"elementor-video\"><\/div>\t\t<\/div>\n\t\t\t\t\t\t<\/div>\n\t\t\t\t<\/div>\n\t\t\t\t\t<\/div>\n\t\t<\/div>\n\t\t\t\t\t<\/div>\n\t\t<\/section>\n\t\t\t\t<section data-particle_enable=\"false\" data-particle-mobile-disabled=\"false\" class=\"elementor-section elementor-top-section elementor-element elementor-element-0f2000d elementor-section-boxed elementor-section-height-default elementor-section-height-default\" data-id=\"0f2000d\" data-element_type=\"section\">\n\t\t\t\t\t\t<div class=\"elementor-container elementor-column-gap-default\">\n\t\t\t\t\t<div class=\"elementor-column elementor-col-100 elementor-top-column elementor-element elementor-element-adc445c\" data-id=\"adc445c\" data-element_type=\"column\">\n\t\t\t<div class=\"elementor-widget-wrap elementor-element-populated\">\n\t\t\t\t\t\t<div class=\"elementor-element elementor-element-1e195da elementor-widget elementor-widget-text-editor\" data-id=\"1e195da\" data-element_type=\"widget\" data-widget_type=\"text-editor.default\">\n\t\t\t\t<div class=\"elementor-widget-container\">\n\t\t\t\t\t\t\t\t\t<h2>Tipos de retenedores de ortodoncia<\/h2><h3>Retenedores removibles<\/h3><p>Dise\u00f1ados para ser flexibles, los retenedores removibles te permiten mantener tus resultados mientras se adaptan a tu estilo de vida.<\/p><ul><li><strong>Uso inicial<\/strong>: Usar los retenedores todo el tiempo durante los primeros 6 meses tras la retirada de los aparatos. Solo removerlos para comer o tomar.<\/li><li><strong>Uso a largo plazo<\/strong>: Despu\u00e9s de los 6 meses, pasa a usarlos por la noche para mantener la posici\u00f3n final de tus dientes<\/li><li><strong>Mantenimiento continuado<\/strong>: Asegurate que tu dentista evalue tus muelas del juicio y sigue usando los retenedores todas las noches.<\/li><\/ul>\t\t\t\t\t\t\t\t<\/div>\n\t\t\t\t<\/div>\n\t\t\t\t<section data-particle_enable=\"false\" data-particle-mobile-disabled=\"false\" class=\"elementor-section elementor-inner-section elementor-element elementor-element-2f437c8 elementor-section-boxed elementor-section-height-default elementor-section-height-default\" data-id=\"2f437c8\" data-element_type=\"section\">\n\t\t\t\t\t\t<div class=\"elementor-container elementor-column-gap-default\">\n\t\t\t\t\t<div class=\"elementor-column elementor-col-50 elementor-inner-column elementor-element elementor-element-53a8473\" data-id=\"53a8473\" data-element_type=\"column\">\n\t\t\t<div class=\"elementor-widget-wrap elementor-element-populated\">\n\t\t\t\t\t\t<div class=\"elementor-element elementor-element-18adb2c elementor-widget elementor-widget-heading\" data-id=\"18adb2c\" data-element_type=\"widget\" data-widget_type=\"heading.default\">\n\t\t\t\t<div class=\"elementor-widget-container\">\n\t\t\t\t\t<h4 class=\"elementor-heading-title elementor-size-default\">Retenedor Hawley<\/h4>\t\t\t\t<\/div>\n\t\t\t\t<\/div>\n\t\t\t\t<div class=\"elementor-element elementor-element-8215de6 elementor-widget elementor-widget-text-editor\" data-id=\"8215de6\" data-element_type=\"widget\" data-widget_type=\"text-editor.default\">\n\t\t\t\t<div class=\"elementor-widget-container\">\n\t\t\t\t\t\t\t\t\t<p>Fabricado de acrilico y con lineas de metal, bueno para el uso nocturno<\/p><p data-pm-slice=\"1 1 []\"><picture class=\"aligncenter size-full wp-image-4568\"><source srcset=\"https:\/\/alexander.klsite.dev\/wp-content\/uploads\/2023\/02\/hawley-retainer-white-background-600px.jpg.webp 600w, https:\/\/alexander.klsite.dev\/wp-content\/uploads\/2023\/02\/hawley-retainer-white-background-600px-300x152.jpg.webp 300w\" type=\"image\/webp\" sizes=\"(max-width: 600px) 100vw, 600px\" \/><\/picture><\/p>\t\t\t\t\t\t\t\t<\/div>\n\t\t\t\t<\/div>\n\t\t\t\t<div class=\"elementor-element elementor-element-524f94a elementor-widget elementor-widget-image\" data-id=\"524f94a\" data-element_type=\"widget\" data-widget_type=\"image.default\">\n\t\t\t\t<div class=\"elementor-widget-container\">\n\t\t\t\t\t\t\t\t\t\t\t\t\t\t\t<img decoding=\"async\" src=\"https:\/\/segoviaorthodonticslakewoodranch.com\/wp-content\/uploads\/2023\/03\/hawley-retainer-white-background-600px.jpg\" title=\"\" alt=\"\" loading=\"lazy\" \/>\t\t\t\t\t\t\t\t\t\t\t\t\t\t\t<\/div>\n\t\t\t\t<\/div>\n\t\t\t\t\t<\/div>\n\t\t<\/div>\n\t\t\t\t<div class=\"elementor-column elementor-col-50 elementor-inner-column elementor-element elementor-element-ffc3d05\" data-id=\"ffc3d05\" data-element_type=\"column\">\n\t\t\t<div class=\"elementor-widget-wrap elementor-element-populated\">\n\t\t\t\t\t\t<div class=\"elementor-element elementor-element-ece7588 elementor-widget elementor-widget-heading\" data-id=\"ece7588\" data-element_type=\"widget\" data-widget_type=\"heading.default\">\n\t\t\t\t<div class=\"elementor-widget-container\">\n\t\t\t\t\t<h4 class=\"elementor-heading-title elementor-size-default\">Retenedor transparente<\/h4>\t\t\t\t<\/div>\n\t\t\t\t<\/div>\n\t\t\t\t<div class=\"elementor-element elementor-element-a1834f6 elementor-widget elementor-widget-text-editor\" data-id=\"a1834f6\" data-element_type=\"widget\" data-widget_type=\"text-editor.default\">\n\t\t\t\t<div class=\"elementor-widget-container\">\n\t\t\t\t\t\t\t\t\t<p>Est\u00e1 hecho de pl\u00e1stico transparente y tiene el aspecto de un alineador transparente, como Invisalign.<\/p>\n<p data-pm-slice=\"1 1 []\"><picture class=\"aligncenter size-full wp-image-4568\"><source srcset=\"https:\/\/alexander.klsite.dev\/wp-content\/uploads\/2023\/02\/hawley-retainer-white-background-600px.jpg.webp 600w, https:\/\/alexander.klsite.dev\/wp-content\/uploads\/2023\/02\/hawley-retainer-white-background-600px-300x152.jpg.webp 300w\" type=\"image\/webp\" sizes=\"(max-width: 600px) 100vw, 600px\"><\/source><\/picture><\/p>\n\t\t\t\t\t\t\t\t<\/div>\n\t\t\t\t<\/div>\n\t\t\t\t<div class=\"elementor-element elementor-element-54a5963 elementor-widget elementor-widget-image\" data-id=\"54a5963\" data-element_type=\"widget\" data-widget_type=\"image.default\">\n\t\t\t\t<div class=\"elementor-widget-container\">\n\t\t\t\t\t\t\t\t\t\t\t\t\t\t\t<img decoding=\"async\" src=\"https:\/\/segoviaorthodonticslakewoodranch.com\/wp-content\/uploads\/2023\/03\/iStock-1210031986-clear-retainer-essix-vivera-600px.jpg\" title=\"\" alt=\"\" loading=\"lazy\" \/>\t\t\t\t\t\t\t\t\t\t\t\t\t\t\t<\/div>\n\t\t\t\t<\/div>\n\t\t\t\t\t<\/div>\n\t\t<\/div>\n\t\t\t\t\t<\/div>\n\t\t<\/section>\n\t\t\t\t<div class=\"elementor-element elementor-element-b2f95a2 elementor-widget elementor-widget-text-editor\" data-id=\"b2f95a2\" data-element_type=\"widget\" data-widget_type=\"text-editor.default\">\n\t\t\t\t<div class=\"elementor-widget-container\">\n\t\t\t\t\t\t\t\t\t<h2>Retenedores fijos (alambre adherido)<\/h2><p>Se fija un alambre adhesivo a la parte posterior de tus dientes para proporcionar un soporte continuo. Est\u00e1 dise\u00f1ado para uso indefinido, pero debe controlarse durante tus revisiones dentales peri\u00f3dicas. Si la higiene se convierte en un problema, puede ser necesario retirar el alambre y sustituirlo por un retenedor removible seg\u00fan lo prescrito.<\/p><p><img fetchpriority=\"high\" decoding=\"async\" class=\"aligncenter wp-image-3769\" src=\"https:\/\/segoviaorthodonticslakewoodranch.com\/wp-content\/uploads\/2023\/03\/iStock-1204178247-fixed-retainer-600x400-1.jpg\" alt=\"\" width=\"525\" height=\"350\" \/><\/p><h2>C\u00f3mo cuidar tus retenedores<\/h2><p>Para alargar la vida de tus retenedores y mantener tu sonrisa:<\/p><ul><li><strong>Limpia tu retenedor<\/strong> antes y despu\u00e9s de usarlo con un cepillo de dientes suave y jab\u00f3n neutro. De vez en cuando, sum\u00e9rgelo en una soluci\u00f3n limpiadora de dentaduras postizas para eliminar la placa y el sarro.<\/li><li><strong>Evita que se da\u00f1en por el calor<\/strong> manteniendo los retenedores alejados de calefactores, lavavajillas, \u00a0u otras zonas de alta temperatura.<\/li><li><strong>Guarda los retenedores adecuadamente<\/strong> en un estuche para retenedores cuando no los utilices, y mantenlos fuera del alcance de los animales dom\u00e9sticos.<\/li><li><div class=\"flex max-w-full flex-col flex-grow\"><div class=\"min-h-8 text-message flex w-full flex-col items-end gap-2 whitespace-normal break-words text-start [.text-message+&amp;]:mt-5\" dir=\"auto\" data-message-author-role=\"assistant\" data-message-id=\"bf000c26-14c5-4ca2-ba6d-a417a8cd4742\" data-message-model-slug=\"gpt-4o\"><div class=\"flex w-full flex-col gap-1 empty:hidden first:pt-[3px]\"><div class=\"markdown prose w-full break-words dark:prose-invert dark\"><p><strong>Programa de retenedores: <\/strong>Con el tiempo, los retenedores pueden desgastarse y requerir remplazarlos. Si los retenedores se pierden o se da\u00f1an, se aplicar\u00e1 una tarifa de remplazo. Aseg\u00farate de unirte a nuestro programa de retenedores para seguir cubierto.<\/p><\/div><\/div><\/div><\/div><div class=\"mb-2 flex gap-3 empty:hidden -ml-2\"><div class=\"items-center justify-start rounded-xl p-1 flex\">\u00a0<\/div><\/div><\/li><\/ul><p>Si tu retenedor se afloja o se rompe, <a href=\"https:\/\/segoviaorthodonticslakewoodranch.com\/es\/oficina-de-lakewood-ranch\/\">ponte en contacto con nuestra consulta<\/a> inmediatamente para poder ayudarte.<\/p><h2>Tu papel en el \u00e9xito a largo plazo<\/h2><p>Los retenedores son una parte vital de tu tratamiento de ortodoncia, ya que ayudan a conservar tu sonrisa durante toda la vida. Si los llevas con regularidad y los cuidas adecuadamente, te asegurar\u00e1s de que los resultados sean duraderos. <a href=\"https:\/\/segoviaorthodonticslakewoodranch.com\/es\/conoce-al-dr-segovia\/\">La Dra. Flora Segovia<\/a> y su equipo est\u00e1n aqu\u00ed para ayudarte en todo momento.<\/p>\t\t\t\t\t\t\t\t<\/div>\n\t\t\t\t<\/div>\n\t\t\t\t\t<\/div>\n\t\t<\/div>\n\t\t\t\t\t<\/div>\n\t\t<\/section>\n\t\t\t\t<\/div>\n\t\t","protected":false},"excerpt":{"rendered":"<p>Llevar retenedores despu\u00e9s del tratamiento de ortodoncia es esencial para mantener una sonrisa bonita y alineada. Si sigues las pautas que se indican a continuaci\u00f3n, podr\u00e1s garantizar los beneficios duraderos de tu tratamiento por a\u00f1os. \u00bfPor qu\u00e9 son importantes los retenedores? Una vez retirados los aparatos, los retenedores estabilizan las correcciones dentales mientras tu hueso y tejidos blandos [&hellip;]<\/p>\n","protected":false},"author":4,"featured_media":6111,"parent":0,"menu_order":47,"comment_status":"closed","ping_status":"closed","template":"","meta":{"_acf_changed":false,"iawp_total_views":7,"footnotes":"","_yoast_wpseo_focuskw":"retenedores de ortodoncia","_yoast_wpseo_metadesc":"Retenedores de ortodoncia para mantener todo tipo de tratamientos en [Practice Name] en [Ciudad, ST] cerca de[surrounding areas]","_yoast_wpseo_linkdex":"","_yoast_wpseo_content_score":"","rank_math_focus_keyword":"","rank_math_description":"","rank_math_seo_score":""},"class_list":["post-5996","page","type-page","status-publish","has-post-thumbnail","hentry"],"acf":[],"yoast_head":"<!-- This site is optimized with the Yoast SEO plugin v27.0 - https:\/\/yoast.com\/product\/yoast-seo-wordpress\/ -->\n<title>Retenedores de ortodoncia [Ciudad, ST] | [Practice Name]<\/title>\n<meta name=\"description\" content=\"Retenedores de ortodoncia para mantener todo tipo de tratamientos en [Practice Name] en [Ciudad, ST] cerca de[surrounding areas]\" \/>\n<meta name=\"robots\" content=\"index, follow, max-snippet:-1, max-image-preview:large, max-video-preview:-1\" \/>\n<link rel=\"canonical\" href=\"https:\/\/www.segoviaorthodonticslakewoodranch.com\/orthodontic-retainers\/\" \/>\n<meta property=\"og:locale\" content=\"es_ES\" \/>\n<meta property=\"og:type\" content=\"article\" \/>\n<meta property=\"og:title\" content=\"Retenedores de ortodoncia [Ciudad, ST] | [Practice Name]\" \/>\n<meta property=\"og:description\" content=\"Retenedores de ortodoncia para mantener todo tipo de tratamientos en [Practice Name] en [Ciudad, ST] cerca de[surrounding areas]\" \/>\n<meta property=\"og:url\" content=\"https:\/\/www.segoviaorthodonticslakewoodranch.com\/orthodontic-retainers\/\" \/>\n<meta property=\"og:site_name\" content=\"Segovia Orthodontics\" \/>\n<meta property=\"article:publisher\" content=\"https:\/\/www.facebook.com\/people\/Segovia-Orthodontics-At-Lakewood-Ranch\/61572006943430\/\" \/>\n<meta property=\"article:modified_time\" content=\"2025-01-27T05:02:07+00:00\" \/>\n<meta property=\"og:image\" content=\"https:\/\/www.segoviaorthodonticslakewoodranch.com\/wp-content\/uploads\/2025\/01\/page-photo-orthodontic-retainers.png\" \/>\n\t<meta property=\"og:image:width\" content=\"500\" \/>\n\t<meta property=\"og:image:height\" content=\"500\" \/>\n\t<meta property=\"og:image:type\" content=\"image\/png\" \/>\n<meta name=\"twitter:card\" content=\"summary_large_image\" \/>\n<meta name=\"twitter:label1\" content=\"Tiempo de lectura\" \/>\n\t<meta name=\"twitter:data1\" content=\"3 minutos\" \/>\n<script type=\"application\/ld+json\" class=\"yoast-schema-graph\">{\"@context\":\"https:\/\/schema.org\",\"@graph\":[{\"@type\":\"WebPage\",\"@id\":\"https:\/\/www.segoviaorthodonticslakewoodranch.com\/orthodontic-retainers\/\",\"url\":\"https:\/\/www.segoviaorthodonticslakewoodranch.com\/orthodontic-retainers\/\",\"name\":\"Retenedores de ortodoncia [Ciudad, ST] | [Practice Name]\",\"isPartOf\":{\"@id\":\"https:\/\/www.segoviaorthodonticslakewoodranch.com\/#website\"},\"primaryImageOfPage\":{\"@id\":\"https:\/\/www.segoviaorthodonticslakewoodranch.com\/orthodontic-retainers\/#primaryimage\"},\"image\":{\"@id\":\"https:\/\/www.segoviaorthodonticslakewoodranch.com\/orthodontic-retainers\/#primaryimage\"},\"thumbnailUrl\":\"https:\/\/www.segoviaorthodonticslakewoodranch.com\/wp-content\/uploads\/2025\/01\/page-photo-orthodontic-retainers.png\",\"datePublished\":\"2017-02-06T01:35:10+00:00\",\"dateModified\":\"2025-01-27T05:02:07+00:00\",\"description\":\"Retenedores de ortodoncia para mantener todo tipo de tratamientos en [Practice Name] en [Ciudad, ST] cerca de[surrounding areas]\",\"breadcrumb\":{\"@id\":\"https:\/\/www.segoviaorthodonticslakewoodranch.com\/orthodontic-retainers\/#breadcrumb\"},\"inLanguage\":\"es\",\"potentialAction\":[{\"@type\":\"ReadAction\",\"target\":[\"https:\/\/www.segoviaorthodonticslakewoodranch.com\/orthodontic-retainers\/\"]}]},{\"@type\":\"ImageObject\",\"inLanguage\":\"es\",\"@id\":\"https:\/\/www.segoviaorthodonticslakewoodranch.com\/orthodontic-retainers\/#primaryimage\",\"url\":\"https:\/\/www.segoviaorthodonticslakewoodranch.com\/wp-content\/uploads\/2025\/01\/page-photo-orthodontic-retainers.png\",\"contentUrl\":\"https:\/\/www.segoviaorthodonticslakewoodranch.com\/wp-content\/uploads\/2025\/01\/page-photo-orthodontic-retainers.png\",\"width\":500,\"height\":500,\"caption\":\"Orthodontic Retainers Segovia Orthodontics at Lakewood Ranch, FL\"},{\"@type\":\"BreadcrumbList\",\"@id\":\"https:\/\/www.segoviaorthodonticslakewoodranch.com\/orthodontic-retainers\/#breadcrumb\",\"itemListElement\":[{\"@type\":\"ListItem\",\"position\":1,\"name\":\"Home\",\"item\":\"https:\/\/www.segoviaorthodonticslakewoodranch.com\/es\/\"},{\"@type\":\"ListItem\",\"position\":2,\"name\":\"Retenedores de ortodoncia\"}]},{\"@type\":\"WebSite\",\"@id\":\"https:\/\/www.segoviaorthodonticslakewoodranch.com\/#website\",\"url\":\"https:\/\/www.segoviaorthodonticslakewoodranch.com\/\",\"name\":\"Segovia Orthodontics at Lakewood Ranch\",\"description\":\"Top Orthodontist Lakewood Ranch FL 34202 | Segovia Orthodontics at Lakewood Ranch\",\"publisher\":{\"@id\":\"https:\/\/www.segoviaorthodonticslakewoodranch.com\/#organization\"},\"potentialAction\":[{\"@type\":\"SearchAction\",\"target\":{\"@type\":\"EntryPoint\",\"urlTemplate\":\"https:\/\/www.segoviaorthodonticslakewoodranch.com\/?s={search_term_string}\"},\"query-input\":{\"@type\":\"PropertyValueSpecification\",\"valueRequired\":true,\"valueName\":\"search_term_string\"}}],\"inLanguage\":\"es\"},{\"@type\":\"Organization\",\"@id\":\"https:\/\/www.segoviaorthodonticslakewoodranch.com\/#organization\",\"name\":\"Segovia Orthodontics at Lakewood Ranch\",\"url\":\"https:\/\/www.segoviaorthodonticslakewoodranch.com\/\",\"logo\":{\"@type\":\"ImageObject\",\"inLanguage\":\"es\",\"@id\":\"https:\/\/www.segoviaorthodonticslakewoodranch.com\/#\/schema\/logo\/image\/\",\"url\":\"https:\/\/www.segoviaorthodonticslakewoodranch.com\/wp-content\/uploads\/2022\/03\/SegoviaOrtho_horizon_version.png\",\"contentUrl\":\"https:\/\/www.segoviaorthodonticslakewoodranch.com\/wp-content\/uploads\/2022\/03\/SegoviaOrtho_horizon_version.png\",\"width\":1920,\"height\":511,\"caption\":\"Segovia Orthodontics at Lakewood Ranch\"},\"image\":{\"@id\":\"https:\/\/www.segoviaorthodonticslakewoodranch.com\/#\/schema\/logo\/image\/\"},\"sameAs\":[\"https:\/\/www.facebook.com\/people\/Segovia-Orthodontics-At-Lakewood-Ranch\/61572006943430\/\",\"https:\/\/www.instagram.com\/segovia.orthodontics.lwr\/\"]}]}<\/script>\n<!-- \/ Yoast SEO plugin. -->","yoast_head_json":{"title":"Retenedores de ortodoncia [Ciudad, ST] | [Practice Name]","description":"Retenedores de ortodoncia para mantener todo tipo de tratamientos en [Practice Name] en [Ciudad, ST] cerca de[surrounding areas]","robots":{"index":"index","follow":"follow","max-snippet":"max-snippet:-1","max-image-preview":"max-image-preview:large","max-video-preview":"max-video-preview:-1"},"canonical":"https:\/\/www.segoviaorthodonticslakewoodranch.com\/orthodontic-retainers\/","og_locale":"es_ES","og_type":"article","og_title":"Retenedores de ortodoncia [Ciudad, ST] | [Practice Name]","og_description":"Retenedores de ortodoncia para mantener todo tipo de tratamientos en [Practice Name] en [Ciudad, ST] cerca de[surrounding areas]","og_url":"https:\/\/www.segoviaorthodonticslakewoodranch.com\/orthodontic-retainers\/","og_site_name":"Segovia Orthodontics","article_publisher":"https:\/\/www.facebook.com\/people\/Segovia-Orthodontics-At-Lakewood-Ranch\/61572006943430\/","article_modified_time":"2025-01-27T05:02:07+00:00","og_image":[{"width":500,"height":500,"url":"https:\/\/www.segoviaorthodonticslakewoodranch.com\/wp-content\/uploads\/2025\/01\/page-photo-orthodontic-retainers.png","type":"image\/png"}],"twitter_card":"summary_large_image","twitter_misc":{"Tiempo de lectura":"3 minutos"},"schema":{"@context":"https:\/\/schema.org","@graph":[{"@type":"WebPage","@id":"https:\/\/www.segoviaorthodonticslakewoodranch.com\/orthodontic-retainers\/","url":"https:\/\/www.segoviaorthodonticslakewoodranch.com\/orthodontic-retainers\/","name":"Retenedores de ortodoncia [Ciudad, ST] | [Practice Name]","isPartOf":{"@id":"https:\/\/www.segoviaorthodonticslakewoodranch.com\/#website"},"primaryImageOfPage":{"@id":"https:\/\/www.segoviaorthodonticslakewoodranch.com\/orthodontic-retainers\/#primaryimage"},"image":{"@id":"https:\/\/www.segoviaorthodonticslakewoodranch.com\/orthodontic-retainers\/#primaryimage"},"thumbnailUrl":"https:\/\/www.segoviaorthodonticslakewoodranch.com\/wp-content\/uploads\/2025\/01\/page-photo-orthodontic-retainers.png","datePublished":"2017-02-06T01:35:10+00:00","dateModified":"2025-01-27T05:02:07+00:00","description":"Retenedores de ortodoncia para mantener todo tipo de tratamientos en [Practice Name] en [Ciudad, ST] cerca de[surrounding areas]","breadcrumb":{"@id":"https:\/\/www.segoviaorthodonticslakewoodranch.com\/orthodontic-retainers\/#breadcrumb"},"inLanguage":"es","potentialAction":[{"@type":"ReadAction","target":["https:\/\/www.segoviaorthodonticslakewoodranch.com\/orthodontic-retainers\/"]}]},{"@type":"ImageObject","inLanguage":"es","@id":"https:\/\/www.segoviaorthodonticslakewoodranch.com\/orthodontic-retainers\/#primaryimage","url":"https:\/\/www.segoviaorthodonticslakewoodranch.com\/wp-content\/uploads\/2025\/01\/page-photo-orthodontic-retainers.png","contentUrl":"https:\/\/www.segoviaorthodonticslakewoodranch.com\/wp-content\/uploads\/2025\/01\/page-photo-orthodontic-retainers.png","width":500,"height":500,"caption":"Orthodontic Retainers Segovia Orthodontics at Lakewood Ranch, FL"},{"@type":"BreadcrumbList","@id":"https:\/\/www.segoviaorthodonticslakewoodranch.com\/orthodontic-retainers\/#breadcrumb","itemListElement":[{"@type":"ListItem","position":1,"name":"Home","item":"https:\/\/www.segoviaorthodonticslakewoodranch.com\/es\/"},{"@type":"ListItem","position":2,"name":"Retenedores de ortodoncia"}]},{"@type":"WebSite","@id":"https:\/\/www.segoviaorthodonticslakewoodranch.com\/#website","url":"https:\/\/www.segoviaorthodonticslakewoodranch.com\/","name":"Segovia Orthodontics at Lakewood Ranch","description":"Top Orthodontist Lakewood Ranch FL 34202 | Segovia Orthodontics at Lakewood Ranch","publisher":{"@id":"https:\/\/www.segoviaorthodonticslakewoodranch.com\/#organization"},"potentialAction":[{"@type":"SearchAction","target":{"@type":"EntryPoint","urlTemplate":"https:\/\/www.segoviaorthodonticslakewoodranch.com\/?s={search_term_string}"},"query-input":{"@type":"PropertyValueSpecification","valueRequired":true,"valueName":"search_term_string"}}],"inLanguage":"es"},{"@type":"Organization","@id":"https:\/\/www.segoviaorthodonticslakewoodranch.com\/#organization","name":"Segovia Orthodontics at Lakewood Ranch","url":"https:\/\/www.segoviaorthodonticslakewoodranch.com\/","logo":{"@type":"ImageObject","inLanguage":"es","@id":"https:\/\/www.segoviaorthodonticslakewoodranch.com\/#\/schema\/logo\/image\/","url":"https:\/\/www.segoviaorthodonticslakewoodranch.com\/wp-content\/uploads\/2022\/03\/SegoviaOrtho_horizon_version.png","contentUrl":"https:\/\/www.segoviaorthodonticslakewoodranch.com\/wp-content\/uploads\/2022\/03\/SegoviaOrtho_horizon_version.png","width":1920,"height":511,"caption":"Segovia Orthodontics at Lakewood Ranch"},"image":{"@id":"https:\/\/www.segoviaorthodonticslakewoodranch.com\/#\/schema\/logo\/image\/"},"sameAs":["https:\/\/www.facebook.com\/people\/Segovia-Orthodontics-At-Lakewood-Ranch\/61572006943430\/","https:\/\/www.instagram.com\/segovia.orthodontics.lwr\/"]}]}},"_links":{"self":[{"href":"https:\/\/www.segoviaorthodonticslakewoodranch.com\/es\/wp-json\/wp\/v2\/pages\/5996","targetHints":{"allow":["GET"]}}],"collection":[{"href":"https:\/\/www.segoviaorthodonticslakewoodranch.com\/es\/wp-json\/wp\/v2\/pages"}],"about":[{"href":"https:\/\/www.segoviaorthodonticslakewoodranch.com\/es\/wp-json\/wp\/v2\/types\/page"}],"author":[{"embeddable":true,"href":"https:\/\/www.segoviaorthodonticslakewoodranch.com\/es\/wp-json\/wp\/v2\/users\/4"}],"replies":[{"embeddable":true,"href":"https:\/\/www.segoviaorthodonticslakewoodranch.com\/es\/wp-json\/wp\/v2\/comments?post=5996"}],"version-history":[{"count":11,"href":"https:\/\/www.segoviaorthodonticslakewoodranch.com\/es\/wp-json\/wp\/v2\/pages\/5996\/revisions"}],"predecessor-version":[{"id":6607,"href":"https:\/\/www.segoviaorthodonticslakewoodranch.com\/es\/wp-json\/wp\/v2\/pages\/5996\/revisions\/6607"}],"wp:featuredmedia":[{"embeddable":true,"href":"https:\/\/www.segoviaorthodonticslakewoodranch.com\/es\/wp-json\/wp\/v2\/media\/6111"}],"wp:attachment":[{"href":"https:\/\/www.segoviaorthodonticslakewoodranch.com\/es\/wp-json\/wp\/v2\/media?parent=5996"}],"curies":[{"name":"wp","href":"https:\/\/api.w.org\/{rel}","templated":true}]}}